{"id":20,"date":"2024-02-06T17:02:56","date_gmt":"2024-02-06T17:02:56","guid":{"rendered":"http:\/\/www.dejachthut.nl\/?page_id=20"},"modified":"2025-08-09T15:17:25","modified_gmt":"2025-08-09T15:17:25","slug":"home","status":"publish","type":"page","link":"https:\/\/www.dejachthut.nl\/de\/","title":{"rendered":"Home"},"content":{"rendered":"<div data-elementor-type=\"wp-page\" data-elementor-id=\"20\" class=\"elementor elementor-20\" data-elementor-post-type=\"page\">\n\t\t\t\t<div class=\"elementor-element elementor-element-7fb4c710 e-flex e-con-boxed e-con e-parent\" data-id=\"7fb4c710\" data-element_type=\"container\" data-e-type=\"container\" data-settings=\"{&quot;background_background&quot;:&quot;video&quot;,&quot;background_video_link&quot;:&quot;https:\\\/\\\/arl-web.com\\\/movies\\\/brandmovie.mp4&quot;,&quot;background_play_on_mobile&quot;:&quot;yes&quot;}\">\n\t\t\t\t\t<div class=\"e-con-inner\">\n\t\t<div class=\"elementor-background-video-container\">\n\t\t\t\t\t\t\t<video class=\"elementor-background-video-hosted\" role=\"presentation\" autoplay muted playsinline loop><\/video>\n\t\t\t\t\t<\/div>\t\t<div class=\"elementor-element elementor-element-4363350a elementor-widget__width-initial elementor-widget elementor-widget-heading\" data-id=\"4363350a\" data-element_type=\"widget\" data-e-type=\"widget\" data-widget_type=\"heading.default\">\n\t\t\t\t<div class=\"elementor-widget-container\">\n\t\t\t\t\t<h1 class=\"elementor-heading-title elementor-size-default\">Willkommen bei Jachthut op den Hamer<\/h1>\t\t\t\t<\/div>\n\t\t\t\t<\/div>\n\t\t\t\t<div class=\"elementor-element elementor-element-fdf1db4 elementor-widget__width-initial elementor-widget elementor-widget-text-editor\" data-id=\"fdf1db4\" data-element_type=\"widget\" data-e-type=\"widget\" data-widget_type=\"text-editor.default\">\n\t\t\t\t<div class=\"elementor-widget-container\">\n\t\t\t\t\t\t\t\t\t<p style=\"font-weight: 400;\">Genie\u00dfen Sie einen k\u00f6stlichen Pfannkuchen, ein Sandwich, einen Hamburger oder eine Poke Bowl. Auch auf eine Tasse Kaffee mit einem leckeren St\u00fcck Apfelkuchen sind Sie herzlich willkommen. Wir befinden uns am Fahrradknotenpunkt 74, am Eingang zum Nationalpark \u201eDe Maasduinen\u201c.<\/p><p style=\"font-weight: 400;\">\u00a0<\/p>\t\t\t\t\t\t\t\t<\/div>\n\t\t\t\t<\/div>\n\t\t\t\t<div class=\"elementor-element elementor-element-3d011a9 elementor-widget elementor-widget-html\" data-id=\"3d011a9\" data-element_type=\"widget\" data-e-type=\"widget\" data-widget_type=\"html.default\">\n\t\t\t\t<div class=\"elementor-widget-container\">\n\t\t\t\t\t<style>\n  .btn {\n    display: flex;\n    gap: 15px; \/* Adjusted gap for 40px buttons *\/\n  }\n  .btn button {\n    width: 40px;\n    height: 40px;\n    border-radius: 50%;\n    border: 1.5px solid white; \/ Slightly thicker border for 40px buttons \/\n    background-color: transparent;\n    cursor: pointer;\n    display: flex;\n    justify-content: center;\n    align-items: center;\n    transition: opacity 0.3s;\n    padding: 0;\n  }\n  .btn button:hover {\n    opacity: 0.8;\n    background-color: #C59D5F;\n  }\n  .btn button svg {\n    width: 20px; \/ Increased SVG size for 40px buttons *\/\n    height: 20px;\n    fill: white;\n  }\n<\/style>\n<div class=\"btn\">\n  <button id=\"playPauseBtn\" onclick=\"playOrPause()\">\n    <svg viewbox=\"0 0 24 24\" id=\"playPauseIcon\">\n      <path d=\"M6 19h4V5H6v14zm8-14v14h4V5h-4z\"\/>\n    <\/svg>\n  <\/button>\n  <button id=\"muteBtn\" onclick=\"muteOrUnmute()\">\n    <svg viewbox=\"0 0 24 24\" id=\"muteIcon\">\n      <path d=\"M16.5 12c0-1.77-1.02-3.29-2.5-4.03v2.21l2.45 2.45c.03-.2.05-.41.05-.63zm2.5 0c0 .94-.2 1.82-.54 2.64l1.51 1.51C20.63 14.91 21 13.5 21 12c0-4.28-2.99-7.86-7-8.77v2.06c2.89.86 5 3.54 5 6.71zM4.27 3L3 4.27 7.73 9H3v6h4l5 5v-6.73l4.25 4.25c-.67.52-1.42.93-2.25 1.18v2.06c1.38-.31 2.63-.95 3.69-1.81L19.73 21 21 19.73l-9-9L4.27 3zM12 4L9.91 6.09 12 8.18V4z\"\/>\n    <\/svg>\n  <\/button>\n<\/div>\t\t\t\t<\/div>\n\t\t\t\t<\/div>\n\t\t\t\t<div class=\"elementor-element elementor-element-384ff62a elementor-absolute elementor-widget elementor-widget-image\" data-id=\"384ff62a\" data-element_type=\"widget\" data-e-type=\"widget\" data-settings=\"{&quot;_position&quot;:&quot;absolute&quot;}\" data-widget_type=\"image.default\">\n\t\t\t\t<div class=\"elementor-widget-container\">\n\t\t\t\t\t\t\t\t\t\t\t\t\t\t\t\t<a href=\"#next\">\n\t\t\t\t\t\t\t<img decoding=\"async\" width=\"33\" height=\"50\" src=\"https:\/\/www.dejachthut.nl\/wp-content\/uploads\/2024\/02\/Vector.svg\" class=\"attachment-large size-large wp-image-50\" alt=\"\" \/>\t\t\t\t\t\t\t\t<\/a>\n\t\t\t\t\t\t\t\t\t\t\t\t\t\t\t<\/div>\n\t\t\t\t<\/div>\n\t\t\t\t\t<\/div>\n\t\t\t\t<\/div>\n\t\t<div class=\"elementor-element elementor-element-6225bde7 e-flex e-con-boxed e-con e-parent\" data-id=\"6225bde7\" data-element_type=\"container\" data-e-type=\"container\" id=\"next\">\n\t\t\t\t\t<div class=\"e-con-inner\">\n\t\t\t\t<div class=\"elementor-element elementor-element-4c160c7 elementor-widget elementor-widget-heading\" data-id=\"4c160c7\" data-element_type=\"widget\" data-e-type=\"widget\" data-widget_type=\"heading.default\">\n\t\t\t\t<div class=\"elementor-widget-container\">\n\t\t\t\t\t<h3 class=\"elementor-heading-title elementor-size-default\">Jachthut Op den hamer<\/h3>\t\t\t\t<\/div>\n\t\t\t\t<\/div>\n\t\t\t\t<div class=\"elementor-element elementor-element-64b84790 elementor-widget elementor-widget-heading\" data-id=\"64b84790\" data-element_type=\"widget\" data-e-type=\"widget\" data-widget_type=\"heading.default\">\n\t\t\t\t<div class=\"elementor-widget-container\">\n\t\t\t\t\t<h2 class=\"elementor-heading-title elementor-size-default\">Nationalpark \u201eDe Maasduinen\u201c<\/h2>\t\t\t\t<\/div>\n\t\t\t\t<\/div>\n\t\t<div class=\"elementor-element elementor-element-18d1596c e-flex e-con-boxed e-con e-child\" data-id=\"18d1596c\" data-element_type=\"container\" data-e-type=\"container\">\n\t\t\t\t\t<div class=\"e-con-inner\">\n\t\t<a class=\"elementor-element elementor-element-6fbbbb34 e-flex e-con-boxed elementor-invisible e-con e-child\" data-id=\"6fbbbb34\" data-element_type=\"container\" data-e-type=\"container\" data-settings=\"{&quot;animation&quot;:&quot;slideInLeft&quot;}\" href=\"\/de\/menu\/\">\n\t\t\t\t\t<div class=\"e-con-inner\">\n\t\t\t\t<div class=\"elementor-element elementor-element-759e12c4 elementor-widget elementor-widget-image\" data-id=\"759e12c4\" data-element_type=\"widget\" data-e-type=\"widget\" data-widget_type=\"image.default\">\n\t\t\t\t<div class=\"elementor-widget-container\">\n\t\t\t\t\t\t\t\t\t\t\t\t\t\t\t<img fetchpriority=\"high\" decoding=\"async\" width=\"300\" height=\"200\" src=\"https:\/\/www.dejachthut.nl\/wp-content\/uploads\/2024\/02\/jachthut-op-den-hamer-pannenkoeken_11-300x200-1.jpg\" class=\"elementor-animation-grow attachment-large size-large wp-image-202\" alt=\"\" \/>\t\t\t\t\t\t\t\t\t\t\t\t\t\t\t<\/div>\n\t\t\t\t<\/div>\n\t\t\t\t<div class=\"elementor-element elementor-element-2e46fa1c elementor-widget elementor-widget-heading\" data-id=\"2e46fa1c\" data-element_type=\"widget\" data-e-type=\"widget\" data-widget_type=\"heading.default\">\n\t\t\t\t<div class=\"elementor-widget-container\">\n\t\t\t\t\t<h3 class=\"elementor-heading-title elementor-size-default\">Pfannkuchen essen<\/h3>\t\t\t\t<\/div>\n\t\t\t\t<\/div>\n\t\t\t\t<div class=\"elementor-element elementor-element-aafead1 elementor-widget elementor-widget-text-editor\" data-id=\"aafead1\" data-element_type=\"widget\" data-e-type=\"widget\" data-widget_type=\"text-editor.default\">\n\t\t\t\t<div class=\"elementor-widget-container\">\n\t\t\t\t\t\t\t\t\t<p>Leckere Pfannkuchen f\u00fcr Gro\u00df und Klein. Lassen Sie sich von der gro\u00dfen Vielfalt an Pfannkuchen \u00fcberraschen. M\u00f6chten Sie etwas anderes? Kein Problem, unser K\u00fcchenchef bereitet Ihnen gerne eine Suppe, ein Sandwich, einen Hamburger oder etwas anderes Leckeres zu.<\/p>\t\t\t\t\t\t\t\t<\/div>\n\t\t\t\t<\/div>\n\t\t\t\t\t<\/div>\n\t\t\t\t<\/a>\n\t\t<a class=\"elementor-element elementor-element-717ac116 e-flex e-con-boxed elementor-invisible e-con e-child\" data-id=\"717ac116\" data-element_type=\"container\" data-e-type=\"container\" data-settings=\"{&quot;animation&quot;:&quot;slideInUp&quot;}\" href=\"\/de\/wandelen-en-fietsen\/\">\n\t\t\t\t\t<div class=\"e-con-inner\">\n\t\t\t\t<div class=\"elementor-element elementor-element-40fd9ed8 elementor-widget elementor-widget-image\" data-id=\"40fd9ed8\" data-element_type=\"widget\" data-e-type=\"widget\" data-widget_type=\"image.default\">\n\t\t\t\t<div class=\"elementor-widget-container\">\n\t\t\t\t\t\t\t\t\t\t\t\t\t\t\t<img decoding=\"async\" width=\"800\" height=\"622\" src=\"https:\/\/www.dejachthut.nl\/wp-content\/uploads\/2024\/02\/Rectangle-75-1.jpg\" class=\"elementor-animation-grow attachment-large size-large wp-image-54\" alt=\"\" srcset=\"https:\/\/www.dejachthut.nl\/wp-content\/uploads\/2024\/02\/Rectangle-75-1.jpg 900w, https:\/\/www.dejachthut.nl\/wp-content\/uploads\/2024\/02\/Rectangle-75-1-300x233.jpg 300w, https:\/\/www.dejachthut.nl\/wp-content\/uploads\/2024\/02\/Rectangle-75-1-768x597.jpg 768w\" sizes=\"(max-width: 800px) 100vw, 800px\" \/>\t\t\t\t\t\t\t\t\t\t\t\t\t\t\t<\/div>\n\t\t\t\t<\/div>\n\t\t\t\t<div class=\"elementor-element elementor-element-2c9fc4c9 elementor-widget elementor-widget-heading\" data-id=\"2c9fc4c9\" data-element_type=\"widget\" data-e-type=\"widget\" data-widget_type=\"heading.default\">\n\t\t\t\t<div class=\"elementor-widget-container\">\n\t\t\t\t\t<h3 class=\"elementor-heading-title elementor-size-default\">Wandern und Radfahren<\/h3>\t\t\t\t<\/div>\n\t\t\t\t<\/div>\n\t\t\t\t<div class=\"elementor-element elementor-element-47a6a71c elementor-widget elementor-widget-text-editor\" data-id=\"47a6a71c\" data-element_type=\"widget\" data-e-type=\"widget\" data-widget_type=\"text-editor.default\">\n\t\t\t\t<div class=\"elementor-widget-container\">\n\t\t\t\t\t\t\t\t\t<p>Jachthut Op den Hamer liegt neben dem Nationalpark De Maasduinen. Auf der Informationstafel am Fahrradschuppen neben unserem Pfannkuchenhaus k\u00f6nnen Sie sehen, wie die Wanderrouten durch diese wundersch\u00f6ne Gegend verlaufen.<\/p>\t\t\t\t\t\t\t\t<\/div>\n\t\t\t\t<\/div>\n\t\t\t\t\t<\/div>\n\t\t\t\t<\/a>\n\t\t<a class=\"elementor-element elementor-element-51b0205e e-flex e-con-boxed elementor-invisible e-con e-child\" data-id=\"51b0205e\" data-element_type=\"container\" data-e-type=\"container\" data-settings=\"{&quot;animation&quot;:&quot;slideInRight&quot;}\" href=\"\/de\/het-boeiendste-bos\/\">\n\t\t\t\t\t<div class=\"e-con-inner\">\n\t\t\t\t<div class=\"elementor-element elementor-element-60f330c9 elementor-widget elementor-widget-image\" data-id=\"60f330c9\" data-element_type=\"widget\" data-e-type=\"widget\" data-widget_type=\"image.default\">\n\t\t\t\t<div class=\"elementor-widget-container\">\n\t\t\t\t\t\t\t\t\t\t\t\t\t\t\t<img loading=\"lazy\" decoding=\"async\" width=\"800\" height=\"622\" src=\"https:\/\/www.dejachthut.nl\/wp-content\/uploads\/2024\/02\/Rectangle-75-2.jpg\" class=\"elementor-animation-grow attachment-large size-large wp-image-55\" alt=\"\" srcset=\"https:\/\/www.dejachthut.nl\/wp-content\/uploads\/2024\/02\/Rectangle-75-2.jpg 900w, https:\/\/www.dejachthut.nl\/wp-content\/uploads\/2024\/02\/Rectangle-75-2-300x233.jpg 300w, https:\/\/www.dejachthut.nl\/wp-content\/uploads\/2024\/02\/Rectangle-75-2-768x597.jpg 768w\" sizes=\"(max-width: 800px) 100vw, 800px\" \/>\t\t\t\t\t\t\t\t\t\t\t\t\t\t\t<\/div>\n\t\t\t\t<\/div>\n\t\t\t\t<div class=\"elementor-element elementor-element-24bd5b28 elementor-widget elementor-widget-heading\" data-id=\"24bd5b28\" data-element_type=\"widget\" data-e-type=\"widget\" data-widget_type=\"heading.default\">\n\t\t\t\t<div class=\"elementor-widget-container\">\n\t\t\t\t\t<h3 class=\"elementor-heading-title elementor-size-default\">faszinierendste Wald<\/h3>\t\t\t\t<\/div>\n\t\t\t\t<\/div>\n\t\t\t\t<div class=\"elementor-element elementor-element-55de7b2 elementor-widget elementor-widget-text-editor\" data-id=\"55de7b2\" data-element_type=\"widget\" data-e-type=\"widget\" data-widget_type=\"text-editor.default\">\n\t\t\t\t<div class=\"elementor-widget-container\">\n\t\t\t\t\t\t\t\t\t<p>M\u00f6chten Sie in den Ferien mit den Kindern nach drau\u00dfen gehen? Dann kommen Sie und erleben Sie die unterhaltsame Abenteuertour \u201eDer Faszinierende Wald\u201c. Es handelt sich um eine 2700 Meter lange Wanderung, die etwa 2 Stunden dauert.<\/p>\t\t\t\t\t\t\t\t<\/div>\n\t\t\t\t<\/div>\n\t\t\t\t\t<\/div>\n\t\t\t\t<\/a>\n\t\t\t\t\t<\/div>\n\t\t\t\t<\/div>\n\t\t\t\t\t<\/div>\n\t\t\t\t<\/div>\n\t\t\t\t<\/div>","protected":false},"excerpt":{"rendered":"<p>Welkom bij Jachthut op den Hamer Geniet van een heerlijke pannenkoek, tosti, hamburger of pok\u00e9 bowl. Ook voor een kop koffie met een heerlijk stuk appeltaart ben je van harte welkom. Wij zijn gelegen op fietsknooppunt 74, aan de entree van Nationaal Park \u201cDe Maasduinen\u201d \u00a0 Jachthut Op den hamer Nationaal park &#8220;De Maasduinen&#8221; Pannenkoeken [&hellip;]<\/p>","protected":false},"author":1,"featured_media":0,"parent":0,"menu_order":0,"comment_status":"closed","ping_status":"closed","template":"elementor_header_footer","meta":{"footnotes":""},"class_list":["post-20","page","type-page","status-publish","hentry"],"yoast_head":"<!-- This site is optimized with the Yoast SEO plugin v27.6 - https:\/\/yoast.com\/product\/yoast-seo-wordpress\/ -->\n<title>Home - Jachthut op den Hamer<\/title>\n<meta name=\"description\" content=\"Geniet van heerlijke pannenkoeken of andere kleine gerechten. Ook voor een kop koffie met een heerlijk stuk appeltaart ben je van harte welkom bij lunchrestaurant Wellerlooi.\" \/>\n<meta name=\"robots\" content=\"index, follow, max-snippet:-1, max-image-preview:large, max-video-preview:-1\" \/>\n<link rel=\"canonical\" href=\"https:\/\/www.dejachthut.nl\/de\/\" \/>\n<meta property=\"og:locale\" content=\"de_DE\" \/>\n<meta property=\"og:type\" content=\"article\" \/>\n<meta property=\"og:title\" content=\"Home - Jachthut op den Hamer\" \/>\n<meta property=\"og:description\" content=\"Geniet van heerlijke pannenkoeken of andere kleine gerechten. Ook voor een kop koffie met een heerlijk stuk appeltaart ben je van harte welkom bij lunchrestaurant Wellerlooi.\" \/>\n<meta property=\"og:url\" content=\"https:\/\/www.dejachthut.nl\/de\/\" \/>\n<meta property=\"og:site_name\" content=\"Jachthut op den Hamer\" \/>\n<meta property=\"article:publisher\" content=\"https:\/\/www.facebook.com\/dejachthut\" \/>\n<meta property=\"article:modified_time\" content=\"2025-08-09T15:17:25+00:00\" \/>\n<meta property=\"og:image\" content=\"http:\/\/www.dejachthut.nl\/wp-content\/uploads\/2024\/02\/Vector.svg\" \/>\n<meta name=\"twitter:card\" content=\"summary_large_image\" \/>\n<meta name=\"twitter:label1\" content=\"Gesch\u00e4tzte Lesezeit\" \/>\n\t<meta name=\"twitter:data1\" content=\"2\u00a0Minuten\" \/>\n<script type=\"application\/ld+json\" class=\"yoast-schema-graph\">{\"@context\":\"https:\\\/\\\/schema.org\",\"@graph\":[{\"@type\":\"WebPage\",\"@id\":\"https:\\\/\\\/www.dejachthut.nl\\\/\",\"url\":\"https:\\\/\\\/www.dejachthut.nl\\\/\",\"name\":\"Home - Jachthut op den Hamer\",\"isPartOf\":{\"@id\":\"https:\\\/\\\/www.dejachthut.nl\\\/#website\"},\"primaryImageOfPage\":{\"@id\":\"https:\\\/\\\/www.dejachthut.nl\\\/#primaryimage\"},\"image\":{\"@id\":\"https:\\\/\\\/www.dejachthut.nl\\\/#primaryimage\"},\"thumbnailUrl\":\"http:\\\/\\\/www.dejachthut.nl\\\/wp-content\\\/uploads\\\/2024\\\/02\\\/Vector.svg\",\"datePublished\":\"2024-02-06T17:02:56+00:00\",\"dateModified\":\"2025-08-09T15:17:25+00:00\",\"description\":\"Geniet van heerlijke pannenkoeken of andere kleine gerechten. Ook voor een kop koffie met een heerlijk stuk appeltaart ben je van harte welkom bij lunchrestaurant Wellerlooi.\",\"breadcrumb\":{\"@id\":\"https:\\\/\\\/www.dejachthut.nl\\\/#breadcrumb\"},\"inLanguage\":\"de\",\"potentialAction\":[{\"@type\":\"ReadAction\",\"target\":[\"https:\\\/\\\/www.dejachthut.nl\\\/\"]}]},{\"@type\":\"ImageObject\",\"inLanguage\":\"de\",\"@id\":\"https:\\\/\\\/www.dejachthut.nl\\\/#primaryimage\",\"url\":\"http:\\\/\\\/www.dejachthut.nl\\\/wp-content\\\/uploads\\\/2024\\\/02\\\/Vector.svg\",\"contentUrl\":\"http:\\\/\\\/www.dejachthut.nl\\\/wp-content\\\/uploads\\\/2024\\\/02\\\/Vector.svg\"},{\"@type\":\"BreadcrumbList\",\"@id\":\"https:\\\/\\\/www.dejachthut.nl\\\/#breadcrumb\",\"itemListElement\":[{\"@type\":\"ListItem\",\"position\":1,\"name\":\"Home\",\"item\":\"https:\\\/\\\/www.dejachthut.nl\\\/\"},{\"@type\":\"ListItem\",\"position\":2,\"name\":\"Home\"}]},{\"@type\":\"WebSite\",\"@id\":\"https:\\\/\\\/www.dejachthut.nl\\\/#website\",\"url\":\"https:\\\/\\\/www.dejachthut.nl\\\/\",\"name\":\"Jachthut op den Hamer\",\"description\":\"Pannenkoekenhuis\",\"publisher\":{\"@id\":\"https:\\\/\\\/www.dejachthut.nl\\\/#organization\"},\"potentialAction\":[{\"@type\":\"SearchAction\",\"target\":{\"@type\":\"EntryPoint\",\"urlTemplate\":\"https:\\\/\\\/www.dejachthut.nl\\\/?s={search_term_string}\"},\"query-input\":{\"@type\":\"PropertyValueSpecification\",\"valueRequired\":true,\"valueName\":\"search_term_string\"}}],\"inLanguage\":\"de\"},{\"@type\":\"Organization\",\"@id\":\"https:\\\/\\\/www.dejachthut.nl\\\/#organization\",\"name\":\"Jachthut op den Hamer\",\"url\":\"https:\\\/\\\/www.dejachthut.nl\\\/\",\"logo\":{\"@type\":\"ImageObject\",\"inLanguage\":\"de\",\"@id\":\"https:\\\/\\\/www.dejachthut.nl\\\/#\\\/schema\\\/logo\\\/image\\\/\",\"url\":\"http:\\\/\\\/www.dejachthut.nl\\\/wp-content\\\/uploads\\\/2024\\\/02\\\/Jachtut-Op-den-Hamer-homepage-transformed-removebg-preview-1.svg\",\"contentUrl\":\"http:\\\/\\\/www.dejachthut.nl\\\/wp-content\\\/uploads\\\/2024\\\/02\\\/Jachtut-Op-den-Hamer-homepage-transformed-removebg-preview-1.svg\",\"width\":194,\"height\":50,\"caption\":\"Jachthut op den Hamer\"},\"image\":{\"@id\":\"https:\\\/\\\/www.dejachthut.nl\\\/#\\\/schema\\\/logo\\\/image\\\/\"},\"sameAs\":[\"https:\\\/\\\/www.facebook.com\\\/dejachthut\"]}]}<\/script>\n<!-- \/ Yoast SEO plugin. -->","yoast_head_json":{"title":"Home - Jachthut op den Hamer","description":"Geniet van heerlijke pannenkoeken of andere kleine gerechten. Ook voor een kop koffie met een heerlijk stuk appeltaart ben je van harte welkom bij lunchrestaurant Wellerlooi.","robots":{"index":"index","follow":"follow","max-snippet":"max-snippet:-1","max-image-preview":"max-image-preview:large","max-video-preview":"max-video-preview:-1"},"canonical":"https:\/\/www.dejachthut.nl\/de\/","og_locale":"de_DE","og_type":"article","og_title":"Home - Jachthut op den Hamer","og_description":"Geniet van heerlijke pannenkoeken of andere kleine gerechten. Ook voor een kop koffie met een heerlijk stuk appeltaart ben je van harte welkom bij lunchrestaurant Wellerlooi.","og_url":"https:\/\/www.dejachthut.nl\/de\/","og_site_name":"Jachthut op den Hamer","article_publisher":"https:\/\/www.facebook.com\/dejachthut","article_modified_time":"2025-08-09T15:17:25+00:00","og_image":[{"url":"http:\/\/www.dejachthut.nl\/wp-content\/uploads\/2024\/02\/Vector.svg","type":"","width":"","height":""}],"twitter_card":"summary_large_image","twitter_misc":{"Gesch\u00e4tzte Lesezeit":"2\u00a0Minuten"},"schema":{"@context":"https:\/\/schema.org","@graph":[{"@type":"WebPage","@id":"https:\/\/www.dejachthut.nl\/","url":"https:\/\/www.dejachthut.nl\/","name":"Home - Jachthut op den Hamer","isPartOf":{"@id":"https:\/\/www.dejachthut.nl\/#website"},"primaryImageOfPage":{"@id":"https:\/\/www.dejachthut.nl\/#primaryimage"},"image":{"@id":"https:\/\/www.dejachthut.nl\/#primaryimage"},"thumbnailUrl":"http:\/\/www.dejachthut.nl\/wp-content\/uploads\/2024\/02\/Vector.svg","datePublished":"2024-02-06T17:02:56+00:00","dateModified":"2025-08-09T15:17:25+00:00","description":"Geniet van heerlijke pannenkoeken of andere kleine gerechten. Ook voor een kop koffie met een heerlijk stuk appeltaart ben je van harte welkom bij lunchrestaurant Wellerlooi.","breadcrumb":{"@id":"https:\/\/www.dejachthut.nl\/#breadcrumb"},"inLanguage":"de","potentialAction":[{"@type":"ReadAction","target":["https:\/\/www.dejachthut.nl\/"]}]},{"@type":"ImageObject","inLanguage":"de","@id":"https:\/\/www.dejachthut.nl\/#primaryimage","url":"http:\/\/www.dejachthut.nl\/wp-content\/uploads\/2024\/02\/Vector.svg","contentUrl":"http:\/\/www.dejachthut.nl\/wp-content\/uploads\/2024\/02\/Vector.svg"},{"@type":"BreadcrumbList","@id":"https:\/\/www.dejachthut.nl\/#breadcrumb","itemListElement":[{"@type":"ListItem","position":1,"name":"Home","item":"https:\/\/www.dejachthut.nl\/"},{"@type":"ListItem","position":2,"name":"Home"}]},{"@type":"WebSite","@id":"https:\/\/www.dejachthut.nl\/#website","url":"https:\/\/www.dejachthut.nl\/","name":"Jachthut op den Hamer","description":"Pannenkoekenhuis","publisher":{"@id":"https:\/\/www.dejachthut.nl\/#organization"},"potentialAction":[{"@type":"SearchAction","target":{"@type":"EntryPoint","urlTemplate":"https:\/\/www.dejachthut.nl\/?s={search_term_string}"},"query-input":{"@type":"PropertyValueSpecification","valueRequired":true,"valueName":"search_term_string"}}],"inLanguage":"de"},{"@type":"Organization","@id":"https:\/\/www.dejachthut.nl\/#organization","name":"Jachthut op den Hamer","url":"https:\/\/www.dejachthut.nl\/","logo":{"@type":"ImageObject","inLanguage":"de","@id":"https:\/\/www.dejachthut.nl\/#\/schema\/logo\/image\/","url":"http:\/\/www.dejachthut.nl\/wp-content\/uploads\/2024\/02\/Jachtut-Op-den-Hamer-homepage-transformed-removebg-preview-1.svg","contentUrl":"http:\/\/www.dejachthut.nl\/wp-content\/uploads\/2024\/02\/Jachtut-Op-den-Hamer-homepage-transformed-removebg-preview-1.svg","width":194,"height":50,"caption":"Jachthut op den Hamer"},"image":{"@id":"https:\/\/www.dejachthut.nl\/#\/schema\/logo\/image\/"},"sameAs":["https:\/\/www.facebook.com\/dejachthut"]}]}},"_links":{"self":[{"href":"https:\/\/www.dejachthut.nl\/de\/wp-json\/wp\/v2\/pages\/20","targetHints":{"allow":["GET"]}}],"collection":[{"href":"https:\/\/www.dejachthut.nl\/de\/wp-json\/wp\/v2\/pages"}],"about":[{"href":"https:\/\/www.dejachthut.nl\/de\/wp-json\/wp\/v2\/types\/page"}],"author":[{"embeddable":true,"href":"https:\/\/www.dejachthut.nl\/de\/wp-json\/wp\/v2\/users\/1"}],"replies":[{"embeddable":true,"href":"https:\/\/www.dejachthut.nl\/de\/wp-json\/wp\/v2\/comments?post=20"}],"version-history":[{"count":178,"href":"https:\/\/www.dejachthut.nl\/de\/wp-json\/wp\/v2\/pages\/20\/revisions"}],"predecessor-version":[{"id":1512,"href":"https:\/\/www.dejachthut.nl\/de\/wp-json\/wp\/v2\/pages\/20\/revisions\/1512"}],"wp:attachment":[{"href":"https:\/\/www.dejachthut.nl\/de\/wp-json\/wp\/v2\/media?parent=20"}],"curies":[{"name":"wp","href":"https:\/\/api.w.org\/{rel}","templated":true}]}}