{"id":30,"date":"2024-02-06T17:07:13","date_gmt":"2024-02-06T17:07:13","guid":{"rendered":"http:\/\/www.dejachthut.nl\/?page_id=30"},"modified":"2025-10-21T10:27:19","modified_gmt":"2025-10-21T10:27:19","slug":"het-boeiendste-bos","status":"publish","type":"page","link":"https:\/\/www.dejachthut.nl\/de\/het-boeiendste-bos\/","title":{"rendered":"Faszinierendste Wald"},"content":{"rendered":"<div data-elementor-type=\"wp-page\" data-elementor-id=\"30\" class=\"elementor elementor-30\" data-elementor-post-type=\"page\">\n\t\t\t\t<div class=\"elementor-element elementor-element-173df46 e-flex e-con-boxed e-con e-parent\" data-id=\"173df46\" data-element_type=\"container\" data-e-type=\"container\" data-settings=\"{&quot;background_background&quot;:&quot;classic&quot;}\">\n\t\t\t\t\t<div class=\"e-con-inner\">\n\t\t\t\t<div class=\"elementor-element elementor-element-53eac60 elementor-widget__width-initial elementor-widget elementor-widget-heading\" data-id=\"53eac60\" data-element_type=\"widget\" data-e-type=\"widget\" data-widget_type=\"heading.default\">\n\t\t\t\t<div class=\"elementor-widget-container\">\n\t\t\t\t\t<h1 class=\"elementor-heading-title elementor-size-default\">Der faszinierendste Wald\n<\/h1>\t\t\t\t<\/div>\n\t\t\t\t<\/div>\n\t\t\t\t\t<\/div>\n\t\t\t\t<\/div>\n\t\t<div class=\"elementor-element elementor-element-38fa9de e-con-full e-flex e-con e-parent\" data-id=\"38fa9de\" data-element_type=\"container\" data-e-type=\"container\">\n\t\t\t\t<div class=\"elementor-element elementor-element-c436e5b elementor-widget elementor-widget-image\" data-id=\"c436e5b\" data-element_type=\"widget\" data-e-type=\"widget\" data-widget_type=\"image.default\">\n\t\t\t\t<div class=\"elementor-widget-container\">\n\t\t\t\t\t\t\t\t\t\t\t\t\t\t\t<img decoding=\"async\" width=\"800\" height=\"35\" src=\"https:\/\/www.dejachthut.nl\/wp-content\/uploads\/2024\/02\/Section-\u2192-Section-1-1.svg\" class=\"attachment-large size-large wp-image-52\" alt=\"\" \/>\t\t\t\t\t\t\t\t\t\t\t\t\t\t\t<\/div>\n\t\t\t\t<\/div>\n\t\t\t\t<\/div>\n\t\t<div class=\"elementor-element elementor-element-394193b e-flex e-con-boxed e-con e-parent\" data-id=\"394193b\" data-element_type=\"container\" data-e-type=\"container\">\n\t\t\t\t\t<div class=\"e-con-inner\">\n\t\t<div class=\"elementor-element elementor-element-e7170cf e-con-full e-flex e-con e-child\" data-id=\"e7170cf\" data-element_type=\"container\" data-e-type=\"container\">\n\t\t\t\t<div class=\"elementor-element elementor-element-5c33a3a elementor-widget elementor-widget-image\" data-id=\"5c33a3a\" data-element_type=\"widget\" data-e-type=\"widget\" data-widget_type=\"image.default\">\n\t\t\t\t<div class=\"elementor-widget-container\">\n\t\t\t\t\t\t\t\t\t\t\t\t\t\t\t<img fetchpriority=\"high\" decoding=\"async\" width=\"724\" height=\"1024\" src=\"https:\/\/www.dejachthut.nl\/wp-content\/uploads\/2024\/02\/Boeiendste-bos-724x1024.jpg\" class=\"attachment-large size-large wp-image-284\" alt=\"\" srcset=\"https:\/\/www.dejachthut.nl\/wp-content\/uploads\/2024\/02\/Boeiendste-bos-724x1024.jpg 724w, https:\/\/www.dejachthut.nl\/wp-content\/uploads\/2024\/02\/Boeiendste-bos-212x300.jpg 212w, https:\/\/www.dejachthut.nl\/wp-content\/uploads\/2024\/02\/Boeiendste-bos-768x1086.jpg 768w, https:\/\/www.dejachthut.nl\/wp-content\/uploads\/2024\/02\/Boeiendste-bos-1086x1536.jpg 1086w, https:\/\/www.dejachthut.nl\/wp-content\/uploads\/2024\/02\/Boeiendste-bos-1448x2048.jpg 1448w, https:\/\/www.dejachthut.nl\/wp-content\/uploads\/2024\/02\/Boeiendste-bos-scaled.jpg 1810w\" sizes=\"(max-width: 724px) 100vw, 724px\" \/>\t\t\t\t\t\t\t\t\t\t\t\t\t\t\t<\/div>\n\t\t\t\t<\/div>\n\t\t\t\t<\/div>\n\t\t<div class=\"elementor-element elementor-element-b42b062 e-con-full e-flex e-con e-child\" data-id=\"b42b062\" data-element_type=\"container\" data-e-type=\"container\">\n\t\t\t\t<div class=\"elementor-element elementor-element-f0e0bb0 elementor-widget elementor-widget-text-editor\" data-id=\"f0e0bb0\" data-element_type=\"widget\" data-e-type=\"widget\" data-widget_type=\"text-editor.default\">\n\t\t\t\t<div class=\"elementor-widget-container\">\n\t\t\t\t\t\t\t\t\t<p>M\u00f6chten Sie in den (Sommer-)Ferien mit den Kindern nach drau\u00dfen gehen? Dann kommen Sie und erleben Sie die unterhaltsame Abenteuertour \u201eDer Faszinierende Wald\u201c. Es handelt sich um eine 2700 Meter lange Wanderung, die etwa 2 Stunden dauert. Die Route verl\u00e4uft durch einen wundersch\u00f6nen Teil des Hamert-Anwesens, das zum Nationalpark De Maasduinen geh\u00f6rt. Auf der Streckenkarte, der die Kinder unter Aufsicht selbst folgen k\u00f6nnen, werden Punkte angezeigt, an denen eine unterhaltsame \u201efaszinierende\u201c Aktivit\u00e4t in der Natur durchgef\u00fchrt werden kann, beispielsweise \u201eein wunderbares Haus bauen\u201c und \u201eden K\u00f6nig w\u00e4hlen\u201c. Alles, was dazu n\u00f6tig ist, ist in der Natur vorhanden.<\/p>\t\t\t\t\t\t\t\t<\/div>\n\t\t\t\t<\/div>\n\t\t\t\t<div class=\"elementor-element elementor-element-8d0d996 elementor-widget elementor-widget-text-editor\" data-id=\"8d0d996\" data-element_type=\"widget\" data-e-type=\"widget\" data-widget_type=\"text-editor.default\">\n\t\t\t\t<div class=\"elementor-widget-container\">\n\t\t\t\t\t\t\t\t\t<p><a href=\"https:\/\/www.dejachthut.nl\/wp-content\/uploads\/2024\/10\/Het-boeiendste-bos-2.pdf\">Laden Sie hier den faszinierendsten Wald herunter<\/a><\/p>\t\t\t\t\t\t\t\t<\/div>\n\t\t\t\t<\/div>\n\t\t<div class=\"elementor-element elementor-element-1c78f1e e-con-full e-flex e-con e-child\" data-id=\"1c78f1e\" data-element_type=\"container\" data-e-type=\"container\">\n\t\t\t\t<\/div>\n\t\t\t\t<\/div>\n\t\t\t\t\t<\/div>\n\t\t\t\t<\/div>\n\t\t\t\t<\/div>","protected":false},"excerpt":{"rendered":"<p>Het Boeiendste Bos Lekker met de kinderen naar buiten tijdens de (zomer) vakantie? Kom dan de leuke avonturentocht Het Boeiendste Bos beleven. Het is een 2700 meter lange wandeling die ongeveer 2 uur duurt. De route loopt door een mooi stukje van Landgoed de Hamert, onderdeel van Nationaal Park De Maasduinen. Op de routekaart die [&hellip;]<\/p>","protected":false},"author":1,"featured_media":0,"parent":0,"menu_order":0,"comment_status":"closed","ping_status":"closed","template":"elementor_header_footer","meta":{"footnotes":""},"class_list":["post-30","page","type-page","status-publish","hentry"],"yoast_head":"<!-- This site is optimized with the Yoast SEO plugin v27.5 - https:\/\/yoast.com\/product\/yoast-seo-wordpress\/ -->\n<title>Het boeiendste bos - Jachthut op den Hamer<\/title>\n<meta name=\"robots\" content=\"index, follow, max-snippet:-1, max-image-preview:large, max-video-preview:-1\" \/>\n<link rel=\"canonical\" href=\"https:\/\/www.dejachthut.nl\/de\/het-boeiendste-bos\/\" \/>\n<meta property=\"og:locale\" content=\"de_DE\" \/>\n<meta property=\"og:type\" content=\"article\" \/>\n<meta property=\"og:title\" content=\"Het boeiendste bos - Jachthut op den Hamer\" \/>\n<meta property=\"og:description\" content=\"Het Boeiendste Bos Lekker met de kinderen naar buiten tijdens de (zomer) vakantie? Kom dan de leuke avonturentocht Het Boeiendste Bos beleven. Het is een 2700 meter lange wandeling die ongeveer 2 uur duurt. De route loopt door een mooi stukje van Landgoed de Hamert, onderdeel van Nationaal Park De Maasduinen. Op de routekaart die [&hellip;]\" \/>\n<meta property=\"og:url\" content=\"https:\/\/www.dejachthut.nl\/de\/het-boeiendste-bos\/\" \/>\n<meta property=\"og:site_name\" content=\"Jachthut op den Hamer\" \/>\n<meta property=\"article:publisher\" content=\"https:\/\/www.facebook.com\/dejachthut\" \/>\n<meta property=\"article:modified_time\" content=\"2025-10-21T10:27:19+00:00\" \/>\n<meta property=\"og:image\" content=\"http:\/\/www.dejachthut.nl\/wp-content\/uploads\/2024\/02\/Boeiendste-bos-724x1024.jpg\" \/>\n<meta name=\"twitter:card\" content=\"summary_large_image\" \/>\n<meta name=\"twitter:label1\" content=\"Gesch\u00e4tzte Lesezeit\" \/>\n\t<meta name=\"twitter:data1\" content=\"1\u00a0Minute\" \/>\n<script type=\"application\/ld+json\" class=\"yoast-schema-graph\">{\"@context\":\"https:\\\/\\\/schema.org\",\"@graph\":[{\"@type\":\"WebPage\",\"@id\":\"https:\\\/\\\/www.dejachthut.nl\\\/het-boeiendste-bos\\\/\",\"url\":\"https:\\\/\\\/www.dejachthut.nl\\\/het-boeiendste-bos\\\/\",\"name\":\"Het boeiendste bos - Jachthut op den Hamer\",\"isPartOf\":{\"@id\":\"https:\\\/\\\/www.dejachthut.nl\\\/#website\"},\"primaryImageOfPage\":{\"@id\":\"https:\\\/\\\/www.dejachthut.nl\\\/het-boeiendste-bos\\\/#primaryimage\"},\"image\":{\"@id\":\"https:\\\/\\\/www.dejachthut.nl\\\/het-boeiendste-bos\\\/#primaryimage\"},\"thumbnailUrl\":\"http:\\\/\\\/www.dejachthut.nl\\\/wp-content\\\/uploads\\\/2024\\\/02\\\/Boeiendste-bos-724x1024.jpg\",\"datePublished\":\"2024-02-06T17:07:13+00:00\",\"dateModified\":\"2025-10-21T10:27:19+00:00\",\"breadcrumb\":{\"@id\":\"https:\\\/\\\/www.dejachthut.nl\\\/het-boeiendste-bos\\\/#breadcrumb\"},\"inLanguage\":\"de\",\"potentialAction\":[{\"@type\":\"ReadAction\",\"target\":[\"https:\\\/\\\/www.dejachthut.nl\\\/het-boeiendste-bos\\\/\"]}]},{\"@type\":\"ImageObject\",\"inLanguage\":\"de\",\"@id\":\"https:\\\/\\\/www.dejachthut.nl\\\/het-boeiendste-bos\\\/#primaryimage\",\"url\":\"http:\\\/\\\/www.dejachthut.nl\\\/wp-content\\\/uploads\\\/2024\\\/02\\\/Boeiendste-bos-724x1024.jpg\",\"contentUrl\":\"http:\\\/\\\/www.dejachthut.nl\\\/wp-content\\\/uploads\\\/2024\\\/02\\\/Boeiendste-bos-724x1024.jpg\"},{\"@type\":\"BreadcrumbList\",\"@id\":\"https:\\\/\\\/www.dejachthut.nl\\\/het-boeiendste-bos\\\/#breadcrumb\",\"itemListElement\":[{\"@type\":\"ListItem\",\"position\":1,\"name\":\"Home\",\"item\":\"https:\\\/\\\/www.dejachthut.nl\\\/\"},{\"@type\":\"ListItem\",\"position\":2,\"name\":\"Het boeiendste bos\"}]},{\"@type\":\"WebSite\",\"@id\":\"https:\\\/\\\/www.dejachthut.nl\\\/#website\",\"url\":\"https:\\\/\\\/www.dejachthut.nl\\\/\",\"name\":\"Jachthut op den Hamer\",\"description\":\"Pannenkoekenhuis\",\"publisher\":{\"@id\":\"https:\\\/\\\/www.dejachthut.nl\\\/#organization\"},\"potentialAction\":[{\"@type\":\"SearchAction\",\"target\":{\"@type\":\"EntryPoint\",\"urlTemplate\":\"https:\\\/\\\/www.dejachthut.nl\\\/?s={search_term_string}\"},\"query-input\":{\"@type\":\"PropertyValueSpecification\",\"valueRequired\":true,\"valueName\":\"search_term_string\"}}],\"inLanguage\":\"de\"},{\"@type\":\"Organization\",\"@id\":\"https:\\\/\\\/www.dejachthut.nl\\\/#organization\",\"name\":\"Jachthut op den Hamer\",\"url\":\"https:\\\/\\\/www.dejachthut.nl\\\/\",\"logo\":{\"@type\":\"ImageObject\",\"inLanguage\":\"de\",\"@id\":\"https:\\\/\\\/www.dejachthut.nl\\\/#\\\/schema\\\/logo\\\/image\\\/\",\"url\":\"http:\\\/\\\/www.dejachthut.nl\\\/wp-content\\\/uploads\\\/2024\\\/02\\\/Jachtut-Op-den-Hamer-homepage-transformed-removebg-preview-1.svg\",\"contentUrl\":\"http:\\\/\\\/www.dejachthut.nl\\\/wp-content\\\/uploads\\\/2024\\\/02\\\/Jachtut-Op-den-Hamer-homepage-transformed-removebg-preview-1.svg\",\"width\":194,\"height\":50,\"caption\":\"Jachthut op den Hamer\"},\"image\":{\"@id\":\"https:\\\/\\\/www.dejachthut.nl\\\/#\\\/schema\\\/logo\\\/image\\\/\"},\"sameAs\":[\"https:\\\/\\\/www.facebook.com\\\/dejachthut\"]}]}<\/script>\n<!-- \/ Yoast SEO plugin. -->","yoast_head_json":{"title":"Het boeiendste bos - Jachthut op den Hamer","robots":{"index":"index","follow":"follow","max-snippet":"max-snippet:-1","max-image-preview":"max-image-preview:large","max-video-preview":"max-video-preview:-1"},"canonical":"https:\/\/www.dejachthut.nl\/de\/het-boeiendste-bos\/","og_locale":"de_DE","og_type":"article","og_title":"Het boeiendste bos - Jachthut op den Hamer","og_description":"Het Boeiendste Bos Lekker met de kinderen naar buiten tijdens de (zomer) vakantie? Kom dan de leuke avonturentocht Het Boeiendste Bos beleven. Het is een 2700 meter lange wandeling die ongeveer 2 uur duurt. De route loopt door een mooi stukje van Landgoed de Hamert, onderdeel van Nationaal Park De Maasduinen. Op de routekaart die [&hellip;]","og_url":"https:\/\/www.dejachthut.nl\/de\/het-boeiendste-bos\/","og_site_name":"Jachthut op den Hamer","article_publisher":"https:\/\/www.facebook.com\/dejachthut","article_modified_time":"2025-10-21T10:27:19+00:00","og_image":[{"url":"http:\/\/www.dejachthut.nl\/wp-content\/uploads\/2024\/02\/Boeiendste-bos-724x1024.jpg","type":"","width":"","height":""}],"twitter_card":"summary_large_image","twitter_misc":{"Gesch\u00e4tzte Lesezeit":"1\u00a0Minute"},"schema":{"@context":"https:\/\/schema.org","@graph":[{"@type":"WebPage","@id":"https:\/\/www.dejachthut.nl\/het-boeiendste-bos\/","url":"https:\/\/www.dejachthut.nl\/het-boeiendste-bos\/","name":"Het boeiendste bos - Jachthut op den Hamer","isPartOf":{"@id":"https:\/\/www.dejachthut.nl\/#website"},"primaryImageOfPage":{"@id":"https:\/\/www.dejachthut.nl\/het-boeiendste-bos\/#primaryimage"},"image":{"@id":"https:\/\/www.dejachthut.nl\/het-boeiendste-bos\/#primaryimage"},"thumbnailUrl":"http:\/\/www.dejachthut.nl\/wp-content\/uploads\/2024\/02\/Boeiendste-bos-724x1024.jpg","datePublished":"2024-02-06T17:07:13+00:00","dateModified":"2025-10-21T10:27:19+00:00","breadcrumb":{"@id":"https:\/\/www.dejachthut.nl\/het-boeiendste-bos\/#breadcrumb"},"inLanguage":"de","potentialAction":[{"@type":"ReadAction","target":["https:\/\/www.dejachthut.nl\/het-boeiendste-bos\/"]}]},{"@type":"ImageObject","inLanguage":"de","@id":"https:\/\/www.dejachthut.nl\/het-boeiendste-bos\/#primaryimage","url":"http:\/\/www.dejachthut.nl\/wp-content\/uploads\/2024\/02\/Boeiendste-bos-724x1024.jpg","contentUrl":"http:\/\/www.dejachthut.nl\/wp-content\/uploads\/2024\/02\/Boeiendste-bos-724x1024.jpg"},{"@type":"BreadcrumbList","@id":"https:\/\/www.dejachthut.nl\/het-boeiendste-bos\/#breadcrumb","itemListElement":[{"@type":"ListItem","position":1,"name":"Home","item":"https:\/\/www.dejachthut.nl\/"},{"@type":"ListItem","position":2,"name":"Het boeiendste bos"}]},{"@type":"WebSite","@id":"https:\/\/www.dejachthut.nl\/#website","url":"https:\/\/www.dejachthut.nl\/","name":"Jachthut op den Hamer","description":"Pannenkoekenhuis","publisher":{"@id":"https:\/\/www.dejachthut.nl\/#organization"},"potentialAction":[{"@type":"SearchAction","target":{"@type":"EntryPoint","urlTemplate":"https:\/\/www.dejachthut.nl\/?s={search_term_string}"},"query-input":{"@type":"PropertyValueSpecification","valueRequired":true,"valueName":"search_term_string"}}],"inLanguage":"de"},{"@type":"Organization","@id":"https:\/\/www.dejachthut.nl\/#organization","name":"Jachthut op den Hamer","url":"https:\/\/www.dejachthut.nl\/","logo":{"@type":"ImageObject","inLanguage":"de","@id":"https:\/\/www.dejachthut.nl\/#\/schema\/logo\/image\/","url":"http:\/\/www.dejachthut.nl\/wp-content\/uploads\/2024\/02\/Jachtut-Op-den-Hamer-homepage-transformed-removebg-preview-1.svg","contentUrl":"http:\/\/www.dejachthut.nl\/wp-content\/uploads\/2024\/02\/Jachtut-Op-den-Hamer-homepage-transformed-removebg-preview-1.svg","width":194,"height":50,"caption":"Jachthut op den Hamer"},"image":{"@id":"https:\/\/www.dejachthut.nl\/#\/schema\/logo\/image\/"},"sameAs":["https:\/\/www.facebook.com\/dejachthut"]}]}},"_links":{"self":[{"href":"https:\/\/www.dejachthut.nl\/de\/wp-json\/wp\/v2\/pages\/30","targetHints":{"allow":["GET"]}}],"collection":[{"href":"https:\/\/www.dejachthut.nl\/de\/wp-json\/wp\/v2\/pages"}],"about":[{"href":"https:\/\/www.dejachthut.nl\/de\/wp-json\/wp\/v2\/types\/page"}],"author":[{"embeddable":true,"href":"https:\/\/www.dejachthut.nl\/de\/wp-json\/wp\/v2\/users\/1"}],"replies":[{"embeddable":true,"href":"https:\/\/www.dejachthut.nl\/de\/wp-json\/wp\/v2\/comments?post=30"}],"version-history":[{"count":77,"href":"https:\/\/www.dejachthut.nl\/de\/wp-json\/wp\/v2\/pages\/30\/revisions"}],"predecessor-version":[{"id":1517,"href":"https:\/\/www.dejachthut.nl\/de\/wp-json\/wp\/v2\/pages\/30\/revisions\/1517"}],"wp:attachment":[{"href":"https:\/\/www.dejachthut.nl\/de\/wp-json\/wp\/v2\/media?parent=30"}],"curies":[{"name":"wp","href":"https:\/\/api.w.org\/{rel}","templated":true}]}}