{"id":31,"date":"2024-02-06T17:07:22","date_gmt":"2024-02-06T17:07:22","guid":{"rendered":"http:\/\/www.dejachthut.nl\/?page_id=31"},"modified":"2026-04-08T12:58:04","modified_gmt":"2026-04-08T12:58:04","slug":"over-ons","status":"publish","type":"page","link":"https:\/\/www.dejachthut.nl\/de\/over-ons\/","title":{"rendered":"\u00dcber uns"},"content":{"rendered":"<div data-elementor-type=\"wp-page\" data-elementor-id=\"31\" class=\"elementor elementor-31\" data-elementor-post-type=\"page\">\n\t\t\t\t<div class=\"elementor-element elementor-element-e2d2b4c e-flex e-con-boxed e-con e-parent\" data-id=\"e2d2b4c\" data-element_type=\"container\" data-e-type=\"container\" data-settings=\"{&quot;background_background&quot;:&quot;classic&quot;}\">\n\t\t\t\t\t<div class=\"e-con-inner\">\n\t\t\t\t<div class=\"elementor-element elementor-element-0f04e41 elementor-widget__width-initial elementor-widget elementor-widget-heading\" data-id=\"0f04e41\" data-element_type=\"widget\" data-e-type=\"widget\" data-widget_type=\"heading.default\">\n\t\t\t\t<div class=\"elementor-widget-container\">\n\t\t\t\t\t<h2 class=\"elementor-heading-title elementor-size-default\">\u00dcber uns<\/h2>\t\t\t\t<\/div>\n\t\t\t\t<\/div>\n\t\t\t\t\t<\/div>\n\t\t\t\t<\/div>\n\t\t<div class=\"elementor-element elementor-element-d788d19 e-con-full e-flex e-con e-parent\" data-id=\"d788d19\" data-element_type=\"container\" data-e-type=\"container\">\n\t\t\t\t<div class=\"elementor-element elementor-element-41540ab elementor-widget elementor-widget-image\" data-id=\"41540ab\" data-element_type=\"widget\" data-e-type=\"widget\" data-widget_type=\"image.default\">\n\t\t\t\t<div class=\"elementor-widget-container\">\n\t\t\t\t\t\t\t\t\t\t\t\t\t\t\t<img decoding=\"async\" width=\"800\" height=\"35\" src=\"https:\/\/www.dejachthut.nl\/wp-content\/uploads\/2024\/02\/Section-\u2192-Section-1-1.svg\" class=\"attachment-large size-large wp-image-52\" alt=\"\" \/>\t\t\t\t\t\t\t\t\t\t\t\t\t\t\t<\/div>\n\t\t\t\t<\/div>\n\t\t\t\t<\/div>\n\t\t<div class=\"elementor-element elementor-element-ecf6343 e-flex e-con-boxed e-con e-parent\" data-id=\"ecf6343\" data-element_type=\"container\" data-e-type=\"container\">\n\t\t\t\t\t<div class=\"e-con-inner\">\n\t\t<div class=\"elementor-element elementor-element-b4b2834 e-con-full e-flex e-con e-child\" data-id=\"b4b2834\" data-element_type=\"container\" data-e-type=\"container\" data-settings=\"{&quot;background_background&quot;:&quot;classic&quot;}\">\n\t\t\t\t<\/div>\n\t\t<div class=\"elementor-element elementor-element-15a6189 e-con-full e-flex e-con e-child\" data-id=\"15a6189\" data-element_type=\"container\" data-e-type=\"container\">\n\t\t\t\t<div class=\"elementor-element elementor-element-85ad590 elementor-widget elementor-widget-heading\" data-id=\"85ad590\" data-element_type=\"widget\" data-e-type=\"widget\" data-widget_type=\"heading.default\">\n\t\t\t\t<div class=\"elementor-widget-container\">\n\t\t\t\t\t<h2 class=\"elementor-heading-title elementor-size-default\">Jachthut op den Hamer<\/h2>\t\t\t\t<\/div>\n\t\t\t\t<\/div>\n\t\t\t\t<div class=\"elementor-element elementor-element-9f81671 elementor-widget elementor-widget-text-editor\" data-id=\"9f81671\" data-element_type=\"widget\" data-e-type=\"widget\" data-widget_type=\"text-editor.default\">\n\t\t\t\t<div class=\"elementor-widget-container\">\n\t\t\t\t\t\t\t\t\t<p>Bij deze ontvangstlocatie van Landgoed De Hamert vindt u informatie over de heide, het prachtige Pikmeeuwenwater en het snel stromende Geldernsch-Nierskanaal. En over de uitgebreide wandelmogelijkheden in de bijzondere natuur. De mogelijkheid tot afsluiting met een heerlijke pannenkoek in \u201cDe Jachthut\u201d maakt van de De Hamert \u00a0een van de meest geliefde wandellocaties van Het Limburgs Landschap.<\/p>\t\t\t\t\t\t\t\t<\/div>\n\t\t\t\t<\/div>\n\t\t\t\t<\/div>\n\t\t\t\t\t<\/div>\n\t\t\t\t<\/div>\n\t\t<div class=\"elementor-element elementor-element-2876bfe e-con-full e-flex e-con e-parent\" data-id=\"2876bfe\" data-element_type=\"container\" data-e-type=\"container\" data-settings=\"{&quot;background_background&quot;:&quot;classic&quot;}\">\n\t\t<div class=\"elementor-element elementor-element-d34ffc1 e-con-full e-flex e-con e-child\" data-id=\"d34ffc1\" data-element_type=\"container\" data-e-type=\"container\">\n\t\t\t\t<div class=\"elementor-element elementor-element-665eda1 elementor-widget elementor-widget-heading\" data-id=\"665eda1\" data-element_type=\"widget\" data-e-type=\"widget\" data-widget_type=\"heading.default\">\n\t\t\t\t<div class=\"elementor-widget-container\">\n\t\t\t\t\t<h2 class=\"elementor-heading-title elementor-size-default\">Geschichte<\/h2>\t\t\t\t<\/div>\n\t\t\t\t<\/div>\n\t\t\t\t<div class=\"elementor-element elementor-element-7e8c801 elementor-widget elementor-widget-text-editor\" data-id=\"7e8c801\" data-element_type=\"widget\" data-e-type=\"widget\" data-widget_type=\"text-editor.default\">\n\t\t\t\t<div class=\"elementor-widget-container\">\n\t\t\t\t\t\t\t\t\t<p>Das Jagdschloss am Rande des Anwesens \u201eDe Hamert\u201c wurde 1969 von Herrn Grothausen gegr\u00fcndet. Er baute das ehemalige Forsthaus in ein Teehaus um, in dem bald Pfannkuchen gebacken wurden. De Jachthut war das erste Pfannkuchenhaus in Limburg. Der Name erinnert an den fr\u00fcheren Bewohner, den F\u00f6rster. Das Anwesen De Hamert wird jedes Jahr von vielen Wanderern, Radfahrern und anderen Naturliebhabern besucht. Es geh\u00f6rt der Stiftung Limburgs Landschap und ist Teil des Nationalparks \u201eDe Maasduinen\u201c.<\/p>\t\t\t\t\t\t\t\t<\/div>\n\t\t\t\t<\/div>\n\t\t\t\t<\/div>\n\t\t<div class=\"elementor-element elementor-element-f225933 e-con-full e-flex e-con e-child\" data-id=\"f225933\" data-element_type=\"container\" data-e-type=\"container\" data-settings=\"{&quot;background_background&quot;:&quot;classic&quot;}\">\n\t\t\t\t<\/div>\n\t\t\t\t<\/div>\n\t\t<div class=\"elementor-element elementor-element-f3e4136 e-flex e-con-boxed e-con e-parent\" data-id=\"f3e4136\" data-element_type=\"container\" data-e-type=\"container\">\n\t\t\t\t\t<div class=\"e-con-inner\">\n\t\t\t\t<div class=\"elementor-element elementor-element-aaeca01 elementor-widget elementor-widget-heading\" data-id=\"aaeca01\" data-element_type=\"widget\" data-e-type=\"widget\" data-widget_type=\"heading.default\">\n\t\t\t\t<div class=\"elementor-widget-container\">\n\t\t\t\t\t<h2 class=\"elementor-heading-title elementor-size-default\">H\u00e4ufig gestellte Fragen<\/h2>\t\t\t\t<\/div>\n\t\t\t\t<\/div>\n\t\t\t\t<div class=\"elementor-element elementor-element-bfd2105 elementor-widget elementor-widget-n-accordion\" data-id=\"bfd2105\" data-element_type=\"widget\" data-e-type=\"widget\" data-settings=\"{&quot;default_state&quot;:&quot;all_collapsed&quot;,&quot;max_items_expended&quot;:&quot;one&quot;,&quot;n_accordion_animation_duration&quot;:{&quot;unit&quot;:&quot;ms&quot;,&quot;size&quot;:400,&quot;sizes&quot;:[]}}\" data-widget_type=\"nested-accordion.default\">\n\t\t\t\t<div class=\"elementor-widget-container\">\n\t\t\t\t\t\t\t<div class=\"e-n-accordion\" aria-label=\"Accordion. Open links with Enter or Space, close with Escape, and navigate with Arrow Keys\">\n\t\t\t\t\t\t<details id=\"e-n-accordion-item-2010\" class=\"e-n-accordion-item\" >\n\t\t\t\t<summary class=\"e-n-accordion-item-title\" data-accordion-index=\"1\" tabindex=\"0\" aria-expanded=\"false\" aria-controls=\"e-n-accordion-item-2010\" >\n\t\t\t\t\t<span class='e-n-accordion-item-title-header'><div class=\"e-n-accordion-item-title-text\"> Sind Hunde bei Ihnen willkommen? <\/div><\/span>\n\t\t\t\t\t\t\t<span class='e-n-accordion-item-title-icon'>\n\t\t\t<span class='e-opened' ><svg aria-hidden=\"true\" class=\"e-font-icon-svg e-fas-minus\" viewbox=\"0 0 448 512\" xmlns=\"http:\/\/www.w3.org\/2000\/svg\"><path d=\"M416 208H32c-17.67 0-32 14.33-32 32v32c0 17.67 14.33 32 32 32h384c17.67 0 32-14.33 32-32v-32c0-17.67-14.33-32-32-32z\"><\/path><\/svg><\/span>\n\t\t\t<span class='e-closed'><svg aria-hidden=\"true\" class=\"e-font-icon-svg e-fas-plus\" viewbox=\"0 0 448 512\" xmlns=\"http:\/\/www.w3.org\/2000\/svg\"><path d=\"M416 208H272V64c0-17.67-14.33-32-32-32h-32c-17.67 0-32 14.33-32 32v144H32c-17.67 0-32 14.33-32 32v32c0 17.67 14.33 32 32 32h144v144c0 17.67 14.33 32 32 32h32c17.67 0 32-14.33 32-32V304h144c17.67 0 32-14.33 32-32v-32c0-17.67-14.33-32-32-32z\"><\/path><\/svg><\/span>\n\t\t<\/span>\n\n\t\t\t\t\t\t<\/summary>\n\t\t\t\t<div role=\"region\" aria-labelledby=\"e-n-accordion-item-2010\" class=\"elementor-element elementor-element-65010bd e-con-full e-flex e-con e-child\" data-id=\"65010bd\" data-element_type=\"container\" data-e-type=\"container\">\n\t\t\t\t<div class=\"elementor-element elementor-element-2c1dc69 elementor-widget elementor-widget-text-editor\" data-id=\"2c1dc69\" data-element_type=\"widget\" data-e-type=\"widget\" data-widget_type=\"text-editor.default\">\n\t\t\t\t<div class=\"elementor-widget-container\">\n\t\t\t\t\t\t\t\t\t<p>Ja, Hunde sind bei uns absolut willkommen. An der Leine.<\/p>\t\t\t\t\t\t\t\t<\/div>\n\t\t\t\t<\/div>\n\t\t\t\t<\/div>\n\t\t\t\t\t<\/details>\n\t\t\t\t\t\t<details id=\"e-n-accordion-item-2011\" class=\"e-n-accordion-item\" >\n\t\t\t\t<summary class=\"e-n-accordion-item-title\" data-accordion-index=\"2\" tabindex=\"-1\" aria-expanded=\"false\" aria-controls=\"e-n-accordion-item-2011\" >\n\t\t\t\t\t<span class='e-n-accordion-item-title-header'><div class=\"e-n-accordion-item-title-text\"> K\u00f6nnen wir einen Tisch reservieren? <\/div><\/span>\n\t\t\t\t\t\t\t<span class='e-n-accordion-item-title-icon'>\n\t\t\t<span class='e-opened' ><svg aria-hidden=\"true\" class=\"e-font-icon-svg e-fas-minus\" viewbox=\"0 0 448 512\" xmlns=\"http:\/\/www.w3.org\/2000\/svg\"><path d=\"M416 208H32c-17.67 0-32 14.33-32 32v32c0 17.67 14.33 32 32 32h384c17.67 0 32-14.33 32-32v-32c0-17.67-14.33-32-32-32z\"><\/path><\/svg><\/span>\n\t\t\t<span class='e-closed'><svg aria-hidden=\"true\" class=\"e-font-icon-svg e-fas-plus\" viewbox=\"0 0 448 512\" xmlns=\"http:\/\/www.w3.org\/2000\/svg\"><path d=\"M416 208H272V64c0-17.67-14.33-32-32-32h-32c-17.67 0-32 14.33-32 32v144H32c-17.67 0-32 14.33-32 32v32c0 17.67 14.33 32 32 32h144v144c0 17.67 14.33 32 32 32h32c17.67 0 32-14.33 32-32V304h144c17.67 0 32-14.33 32-32v-32c0-17.67-14.33-32-32-32z\"><\/path><\/svg><\/span>\n\t\t<\/span>\n\n\t\t\t\t\t\t<\/summary>\n\t\t\t\t<div role=\"region\" aria-labelledby=\"e-n-accordion-item-2011\" class=\"elementor-element elementor-element-a4b000e e-con-full e-flex e-con e-child\" data-id=\"a4b000e\" data-element_type=\"container\" data-e-type=\"container\">\n\t\t\t\t<div class=\"elementor-element elementor-element-6b34984 elementor-widget elementor-widget-text-editor\" data-id=\"6b34984\" data-element_type=\"widget\" data-e-type=\"widget\" data-widget_type=\"text-editor.default\">\n\t\t\t\t<div class=\"elementor-widget-container\">\n\t\t\t\t\t\t\t\t\t<p>Nein, eine Tischreservierung ist nicht m\u00f6glich. \u00a0Sie sind herzlich willkommen und wenn wir ausgebucht sind, werden wir unser M\u00f6glichstes tun, um Ihnen so schnell wie m\u00f6glich einen Platz zu verschaffen.<\/p>\t\t\t\t\t\t\t\t<\/div>\n\t\t\t\t<\/div>\n\t\t\t\t<\/div>\n\t\t\t\t\t<\/details>\n\t\t\t\t\t\t<details id=\"e-n-accordion-item-2012\" class=\"e-n-accordion-item\" >\n\t\t\t\t<summary class=\"e-n-accordion-item-title\" data-accordion-index=\"3\" tabindex=\"-1\" aria-expanded=\"false\" aria-controls=\"e-n-accordion-item-2012\" >\n\t\t\t\t\t<span class='e-n-accordion-item-title-header'><div class=\"e-n-accordion-item-title-text\"> Wir sind eine gr\u00f6\u00dfere Gruppe. Ist eine Reservierung m\u00f6glich? <\/div><\/span>\n\t\t\t\t\t\t\t<span class='e-n-accordion-item-title-icon'>\n\t\t\t<span class='e-opened' ><svg aria-hidden=\"true\" class=\"e-font-icon-svg e-fas-minus\" viewbox=\"0 0 448 512\" xmlns=\"http:\/\/www.w3.org\/2000\/svg\"><path d=\"M416 208H32c-17.67 0-32 14.33-32 32v32c0 17.67 14.33 32 32 32h384c17.67 0 32-14.33 32-32v-32c0-17.67-14.33-32-32-32z\"><\/path><\/svg><\/span>\n\t\t\t<span class='e-closed'><svg aria-hidden=\"true\" class=\"e-font-icon-svg e-fas-plus\" viewbox=\"0 0 448 512\" xmlns=\"http:\/\/www.w3.org\/2000\/svg\"><path d=\"M416 208H272V64c0-17.67-14.33-32-32-32h-32c-17.67 0-32 14.33-32 32v144H32c-17.67 0-32 14.33-32 32v32c0 17.67 14.33 32 32 32h144v144c0 17.67 14.33 32 32 32h32c17.67 0 32-14.33 32-32V304h144c17.67 0 32-14.33 32-32v-32c0-17.67-14.33-32-32-32z\"><\/path><\/svg><\/span>\n\t\t<\/span>\n\n\t\t\t\t\t\t<\/summary>\n\t\t\t\t<div role=\"region\" aria-labelledby=\"e-n-accordion-item-2012\" class=\"elementor-element elementor-element-39b1924 e-con-full e-flex e-con e-child\" data-id=\"39b1924\" data-element_type=\"container\" data-e-type=\"container\">\n\t\t\t\t<div class=\"elementor-element elementor-element-9f7bcb1 elementor-widget elementor-widget-text-editor\" data-id=\"9f7bcb1\" data-element_type=\"widget\" data-e-type=\"widget\" data-widget_type=\"text-editor.default\">\n\t\t\t\t<div class=\"elementor-widget-container\">\n\t\t\t\t\t\t\t\t\t<p>Nein, es tut uns leid, aber f\u00fcr eine gr\u00f6\u00dfere Gruppe ist dies nicht m\u00f6glich. Es besteht die M\u00f6glichkeit, Ihrer Gruppe mitzuteilen, dass Sie kommen m\u00f6chten. Wir versuchen dies bestm\u00f6glich zu ber\u00fccksichtigen. Dies kann per E-Mail an info@dejachthut.nl erfolgen<br \/>NB! DIES IST KEINE RESERVIERUNG<\/p>\t\t\t\t\t\t\t\t<\/div>\n\t\t\t\t<\/div>\n\t\t\t\t<\/div>\n\t\t\t\t\t<\/details>\n\t\t\t\t\t\t<details id=\"e-n-accordion-item-2013\" class=\"e-n-accordion-item\" >\n\t\t\t\t<summary class=\"e-n-accordion-item-title\" data-accordion-index=\"4\" tabindex=\"-1\" aria-expanded=\"false\" aria-controls=\"e-n-accordion-item-2013\" >\n\t\t\t\t\t<span class='e-n-accordion-item-title-header'><div class=\"e-n-accordion-item-title-text\"> Kann man Pfannkuchen auch glutenfrei und\/oder laktosefrei zubereiten? <\/div><\/span>\n\t\t\t\t\t\t\t<span class='e-n-accordion-item-title-icon'>\n\t\t\t<span class='e-opened' ><svg aria-hidden=\"true\" class=\"e-font-icon-svg e-fas-minus\" viewbox=\"0 0 448 512\" xmlns=\"http:\/\/www.w3.org\/2000\/svg\"><path d=\"M416 208H32c-17.67 0-32 14.33-32 32v32c0 17.67 14.33 32 32 32h384c17.67 0 32-14.33 32-32v-32c0-17.67-14.33-32-32-32z\"><\/path><\/svg><\/span>\n\t\t\t<span class='e-closed'><svg aria-hidden=\"true\" class=\"e-font-icon-svg e-fas-plus\" viewbox=\"0 0 448 512\" xmlns=\"http:\/\/www.w3.org\/2000\/svg\"><path d=\"M416 208H272V64c0-17.67-14.33-32-32-32h-32c-17.67 0-32 14.33-32 32v144H32c-17.67 0-32 14.33-32 32v32c0 17.67 14.33 32 32 32h144v144c0 17.67 14.33 32 32 32h32c17.67 0 32-14.33 32-32V304h144c17.67 0 32-14.33 32-32v-32c0-17.67-14.33-32-32-32z\"><\/path><\/svg><\/span>\n\t\t<\/span>\n\n\t\t\t\t\t\t<\/summary>\n\t\t\t\t<div role=\"region\" aria-labelledby=\"e-n-accordion-item-2013\" class=\"elementor-element elementor-element-bb681c4 e-con-full e-flex e-con e-child\" data-id=\"bb681c4\" data-element_type=\"container\" data-e-type=\"container\">\n\t\t\t\t<div class=\"elementor-element elementor-element-7664b6b elementor-widget elementor-widget-text-editor\" data-id=\"7664b6b\" data-element_type=\"widget\" data-e-type=\"widget\" data-widget_type=\"text-editor.default\">\n\t\t\t\t<div class=\"elementor-widget-container\">\n\t\t\t\t\t\t\t\t\t<p>\u00a0Ja, das k\u00f6nnen wir. Das ist kein Problem. Die Zubereitung des Pfannkuchens kann etwas l\u00e4nger dauern.<\/p>\t\t\t\t\t\t\t\t<\/div>\n\t\t\t\t<\/div>\n\t\t\t\t<\/div>\n\t\t\t\t\t<\/details>\n\t\t\t\t\t\t<details id=\"e-n-accordion-item-2014\" class=\"e-n-accordion-item\" >\n\t\t\t\t<summary class=\"e-n-accordion-item-title\" data-accordion-index=\"5\" tabindex=\"-1\" aria-expanded=\"false\" aria-controls=\"e-n-accordion-item-2014\" >\n\t\t\t\t\t<span class='e-n-accordion-item-title-header'><div class=\"e-n-accordion-item-title-text\"> Wie sind Ihre \u00d6ffnungszeiten? <\/div><\/span>\n\t\t\t\t\t\t\t<span class='e-n-accordion-item-title-icon'>\n\t\t\t<span class='e-opened' ><svg aria-hidden=\"true\" class=\"e-font-icon-svg e-fas-minus\" viewbox=\"0 0 448 512\" xmlns=\"http:\/\/www.w3.org\/2000\/svg\"><path d=\"M416 208H32c-17.67 0-32 14.33-32 32v32c0 17.67 14.33 32 32 32h384c17.67 0 32-14.33 32-32v-32c0-17.67-14.33-32-32-32z\"><\/path><\/svg><\/span>\n\t\t\t<span class='e-closed'><svg aria-hidden=\"true\" class=\"e-font-icon-svg e-fas-plus\" viewbox=\"0 0 448 512\" xmlns=\"http:\/\/www.w3.org\/2000\/svg\"><path d=\"M416 208H272V64c0-17.67-14.33-32-32-32h-32c-17.67 0-32 14.33-32 32v144H32c-17.67 0-32 14.33-32 32v32c0 17.67 14.33 32 32 32h144v144c0 17.67 14.33 32 32 32h32c17.67 0 32-14.33 32-32V304h144c17.67 0 32-14.33 32-32v-32c0-17.67-14.33-32-32-32z\"><\/path><\/svg><\/span>\n\t\t<\/span>\n\n\t\t\t\t\t\t<\/summary>\n\t\t\t\t<div role=\"region\" aria-labelledby=\"e-n-accordion-item-2014\" class=\"elementor-element elementor-element-82ba3ab e-con-full e-flex e-con e-child\" data-id=\"82ba3ab\" data-element_type=\"container\" data-e-type=\"container\">\n\t\t\t\t<div class=\"elementor-element elementor-element-5e98aaa elementor-widget elementor-widget-text-editor\" data-id=\"5e98aaa\" data-element_type=\"widget\" data-e-type=\"widget\" data-widget_type=\"text-editor.default\">\n\t\t\t\t<div class=\"elementor-widget-container\">\n\t\t\t\t\t\t\t\t\t<div class=\"elementor-element elementor-element-0e8e565 elementor-widget elementor-widget-heading\" data-id=\"0e8e565\" data-element_type=\"widget\" data-widget_type=\"heading.default\">\u00a0<\/div><div class=\"elementor-element elementor-element-07d6ecb e-flex e-con-boxed e-con e-child\" data-id=\"07d6ecb\" data-element_type=\"container\"><div class=\"e-con-inner\"><div class=\"elementor-element elementor-element-d5a8c5b elementor-widget__width-initial elementor-widget-mobile__width-inherit elementor-icon-list--layout-traditional elementor-list-item-link-full_width elementor-widget elementor-widget-icon-list\" data-id=\"d5a8c5b\" data-element_type=\"widget\" data-widget_type=\"icon-list.default\"><div class=\"elementor-widget-container\"><p>Unsere \u00d6ffnungszeiten sind wie folgt:<\/p><p><span class=\"elementor-icon-list-text\">Vom 1. April bis 31. Oktober haben wir t\u00e4glich von 11.00 bis 19.30 Uhr ge\u00f6ffnet (K\u00fcche schlie\u00dft um 19.00 Uhr).<\/span><\/p><p><span class=\"elementor-icon-list-text\">Mittwochs haben wir geschlossen<br \/><br \/><\/span><span class=\"elementor-icon-list-text\">Van 1 November t\/m 31 Maart zijn wij\u00a0<\/span><span class=\"elementor-icon-list-text\">Vom 1. November bis 31. M\u00e4rz haben wir Freitag, Samstag, Sonntag und Montag von 11:00 bis 18:30 Uhr ge\u00f6ffnet (K\u00fcche schlie\u00dft um 18:00 Uhr).\u00a0<\/span>11.00 uur tot 18.30 uur (Keuken sluit om 18.00 uur)<\/p><\/div><\/div><\/div><\/div>\t\t\t\t\t\t\t\t<\/div>\n\t\t\t\t<\/div>\n\t\t\t\t<\/div>\n\t\t\t\t\t<\/details>\n\t\t\t\t\t<\/div>\n\t\t\t\t\t\t<\/div>\n\t\t\t\t<\/div>\n\t\t\t\t\t<\/div>\n\t\t\t\t<\/div>\n\t\t\t\t<\/div>","protected":false},"excerpt":{"rendered":"<p>Over Ons Jachthut op den Hamer Bij deze ontvangstlocatie van Landgoed De Hamert vindt u informatie over de heide, het prachtige Pikmeeuwenwater en het snel stromende Geldernsch-Nierskanaal. En over de uitgebreide wandelmogelijkheden in de bijzondere natuur. De mogelijkheid tot afsluiting met een heerlijke pannenkoek in \u201cDe Jachthut\u201d maakt van de De Hamert \u00a0een van de [&hellip;]<\/p>","protected":false},"author":1,"featured_media":0,"parent":0,"menu_order":0,"comment_status":"closed","ping_status":"closed","template":"elementor_header_footer","meta":{"footnotes":""},"class_list":["post-31","page","type-page","status-publish","hentry"],"yoast_head":"<!-- This site is optimized with the Yoast SEO plugin v27.4 - https:\/\/yoast.com\/product\/yoast-seo-wordpress\/ -->\n<title>Over Ons - Jachthut op den Hamer<\/title>\n<meta name=\"robots\" content=\"index, follow, max-snippet:-1, max-image-preview:large, max-video-preview:-1\" \/>\n<link rel=\"canonical\" href=\"https:\/\/www.dejachthut.nl\/de\/over-ons\/\" \/>\n<meta property=\"og:locale\" content=\"de_DE\" \/>\n<meta property=\"og:type\" content=\"article\" \/>\n<meta property=\"og:title\" content=\"Over Ons - Jachthut op den Hamer\" \/>\n<meta property=\"og:description\" content=\"Over Ons Jachthut op den Hamer Bij deze ontvangstlocatie van Landgoed De Hamert vindt u informatie over de heide, het prachtige Pikmeeuwenwater en het snel stromende Geldernsch-Nierskanaal. En over de uitgebreide wandelmogelijkheden in de bijzondere natuur. De mogelijkheid tot afsluiting met een heerlijke pannenkoek in \u201cDe Jachthut\u201d maakt van de De Hamert \u00a0een van de [&hellip;]\" \/>\n<meta property=\"og:url\" content=\"https:\/\/www.dejachthut.nl\/de\/over-ons\/\" \/>\n<meta property=\"og:site_name\" content=\"Jachthut op den Hamer\" \/>\n<meta property=\"article:publisher\" content=\"https:\/\/www.facebook.com\/dejachthut\" \/>\n<meta property=\"article:modified_time\" content=\"2026-04-08T12:58:04+00:00\" \/>\n<meta name=\"twitter:card\" content=\"summary_large_image\" \/>\n<meta name=\"twitter:label1\" content=\"Gesch\u00e4tzte Lesezeit\" \/>\n\t<meta name=\"twitter:data1\" content=\"4\u00a0Minuten\" \/>\n<script type=\"application\/ld+json\" class=\"yoast-schema-graph\">{\"@context\":\"https:\\\/\\\/schema.org\",\"@graph\":[{\"@type\":\"WebPage\",\"@id\":\"https:\\\/\\\/www.dejachthut.nl\\\/over-ons\\\/\",\"url\":\"https:\\\/\\\/www.dejachthut.nl\\\/over-ons\\\/\",\"name\":\"Over Ons - Jachthut op den Hamer\",\"isPartOf\":{\"@id\":\"https:\\\/\\\/www.dejachthut.nl\\\/#website\"},\"datePublished\":\"2024-02-06T17:07:22+00:00\",\"dateModified\":\"2026-04-08T12:58:04+00:00\",\"breadcrumb\":{\"@id\":\"https:\\\/\\\/www.dejachthut.nl\\\/over-ons\\\/#breadcrumb\"},\"inLanguage\":\"de\",\"potentialAction\":[{\"@type\":\"ReadAction\",\"target\":[\"https:\\\/\\\/www.dejachthut.nl\\\/over-ons\\\/\"]}]},{\"@type\":\"BreadcrumbList\",\"@id\":\"https:\\\/\\\/www.dejachthut.nl\\\/over-ons\\\/#breadcrumb\",\"itemListElement\":[{\"@type\":\"ListItem\",\"position\":1,\"name\":\"Home\",\"item\":\"https:\\\/\\\/www.dejachthut.nl\\\/\"},{\"@type\":\"ListItem\",\"position\":2,\"name\":\"Over Ons\"}]},{\"@type\":\"WebSite\",\"@id\":\"https:\\\/\\\/www.dejachthut.nl\\\/#website\",\"url\":\"https:\\\/\\\/www.dejachthut.nl\\\/\",\"name\":\"Jachthut op den Hamer\",\"description\":\"Pannenkoekenhuis\",\"publisher\":{\"@id\":\"https:\\\/\\\/www.dejachthut.nl\\\/#organization\"},\"potentialAction\":[{\"@type\":\"SearchAction\",\"target\":{\"@type\":\"EntryPoint\",\"urlTemplate\":\"https:\\\/\\\/www.dejachthut.nl\\\/?s={search_term_string}\"},\"query-input\":{\"@type\":\"PropertyValueSpecification\",\"valueRequired\":true,\"valueName\":\"search_term_string\"}}],\"inLanguage\":\"de\"},{\"@type\":\"Organization\",\"@id\":\"https:\\\/\\\/www.dejachthut.nl\\\/#organization\",\"name\":\"Jachthut op den Hamer\",\"url\":\"https:\\\/\\\/www.dejachthut.nl\\\/\",\"logo\":{\"@type\":\"ImageObject\",\"inLanguage\":\"de\",\"@id\":\"https:\\\/\\\/www.dejachthut.nl\\\/#\\\/schema\\\/logo\\\/image\\\/\",\"url\":\"http:\\\/\\\/www.dejachthut.nl\\\/wp-content\\\/uploads\\\/2024\\\/02\\\/Jachtut-Op-den-Hamer-homepage-transformed-removebg-preview-1.svg\",\"contentUrl\":\"http:\\\/\\\/www.dejachthut.nl\\\/wp-content\\\/uploads\\\/2024\\\/02\\\/Jachtut-Op-den-Hamer-homepage-transformed-removebg-preview-1.svg\",\"width\":194,\"height\":50,\"caption\":\"Jachthut op den Hamer\"},\"image\":{\"@id\":\"https:\\\/\\\/www.dejachthut.nl\\\/#\\\/schema\\\/logo\\\/image\\\/\"},\"sameAs\":[\"https:\\\/\\\/www.facebook.com\\\/dejachthut\"]}]}<\/script>\n<!-- \/ Yoast SEO plugin. -->","yoast_head_json":{"title":"Over Ons - Jachthut op den Hamer","robots":{"index":"index","follow":"follow","max-snippet":"max-snippet:-1","max-image-preview":"max-image-preview:large","max-video-preview":"max-video-preview:-1"},"canonical":"https:\/\/www.dejachthut.nl\/de\/over-ons\/","og_locale":"de_DE","og_type":"article","og_title":"Over Ons - Jachthut op den Hamer","og_description":"Over Ons Jachthut op den Hamer Bij deze ontvangstlocatie van Landgoed De Hamert vindt u informatie over de heide, het prachtige Pikmeeuwenwater en het snel stromende Geldernsch-Nierskanaal. En over de uitgebreide wandelmogelijkheden in de bijzondere natuur. De mogelijkheid tot afsluiting met een heerlijke pannenkoek in \u201cDe Jachthut\u201d maakt van de De Hamert \u00a0een van de [&hellip;]","og_url":"https:\/\/www.dejachthut.nl\/de\/over-ons\/","og_site_name":"Jachthut op den Hamer","article_publisher":"https:\/\/www.facebook.com\/dejachthut","article_modified_time":"2026-04-08T12:58:04+00:00","twitter_card":"summary_large_image","twitter_misc":{"Gesch\u00e4tzte Lesezeit":"4\u00a0Minuten"},"schema":{"@context":"https:\/\/schema.org","@graph":[{"@type":"WebPage","@id":"https:\/\/www.dejachthut.nl\/over-ons\/","url":"https:\/\/www.dejachthut.nl\/over-ons\/","name":"Over Ons - Jachthut op den Hamer","isPartOf":{"@id":"https:\/\/www.dejachthut.nl\/#website"},"datePublished":"2024-02-06T17:07:22+00:00","dateModified":"2026-04-08T12:58:04+00:00","breadcrumb":{"@id":"https:\/\/www.dejachthut.nl\/over-ons\/#breadcrumb"},"inLanguage":"de","potentialAction":[{"@type":"ReadAction","target":["https:\/\/www.dejachthut.nl\/over-ons\/"]}]},{"@type":"BreadcrumbList","@id":"https:\/\/www.dejachthut.nl\/over-ons\/#breadcrumb","itemListElement":[{"@type":"ListItem","position":1,"name":"Home","item":"https:\/\/www.dejachthut.nl\/"},{"@type":"ListItem","position":2,"name":"Over Ons"}]},{"@type":"WebSite","@id":"https:\/\/www.dejachthut.nl\/#website","url":"https:\/\/www.dejachthut.nl\/","name":"Jachthut op den Hamer","description":"Pannenkoekenhuis","publisher":{"@id":"https:\/\/www.dejachthut.nl\/#organization"},"potentialAction":[{"@type":"SearchAction","target":{"@type":"EntryPoint","urlTemplate":"https:\/\/www.dejachthut.nl\/?s={search_term_string}"},"query-input":{"@type":"PropertyValueSpecification","valueRequired":true,"valueName":"search_term_string"}}],"inLanguage":"de"},{"@type":"Organization","@id":"https:\/\/www.dejachthut.nl\/#organization","name":"Jachthut op den Hamer","url":"https:\/\/www.dejachthut.nl\/","logo":{"@type":"ImageObject","inLanguage":"de","@id":"https:\/\/www.dejachthut.nl\/#\/schema\/logo\/image\/","url":"http:\/\/www.dejachthut.nl\/wp-content\/uploads\/2024\/02\/Jachtut-Op-den-Hamer-homepage-transformed-removebg-preview-1.svg","contentUrl":"http:\/\/www.dejachthut.nl\/wp-content\/uploads\/2024\/02\/Jachtut-Op-den-Hamer-homepage-transformed-removebg-preview-1.svg","width":194,"height":50,"caption":"Jachthut op den Hamer"},"image":{"@id":"https:\/\/www.dejachthut.nl\/#\/schema\/logo\/image\/"},"sameAs":["https:\/\/www.facebook.com\/dejachthut"]}]}},"_links":{"self":[{"href":"https:\/\/www.dejachthut.nl\/de\/wp-json\/wp\/v2\/pages\/31","targetHints":{"allow":["GET"]}}],"collection":[{"href":"https:\/\/www.dejachthut.nl\/de\/wp-json\/wp\/v2\/pages"}],"about":[{"href":"https:\/\/www.dejachthut.nl\/de\/wp-json\/wp\/v2\/types\/page"}],"author":[{"embeddable":true,"href":"https:\/\/www.dejachthut.nl\/de\/wp-json\/wp\/v2\/users\/1"}],"replies":[{"embeddable":true,"href":"https:\/\/www.dejachthut.nl\/de\/wp-json\/wp\/v2\/comments?post=31"}],"version-history":[{"count":177,"href":"https:\/\/www.dejachthut.nl\/de\/wp-json\/wp\/v2\/pages\/31\/revisions"}],"predecessor-version":[{"id":1585,"href":"https:\/\/www.dejachthut.nl\/de\/wp-json\/wp\/v2\/pages\/31\/revisions\/1585"}],"wp:attachment":[{"href":"https:\/\/www.dejachthut.nl\/de\/wp-json\/wp\/v2\/media?parent=31"}],"curies":[{"name":"wp","href":"https:\/\/api.w.org\/{rel}","templated":true}]}}