{"id":680,"date":"2024-02-26T17:13:54","date_gmt":"2024-02-26T17:13:54","guid":{"rendered":"http:\/\/www.dejachthut.nl\/?page_id=680"},"modified":"2024-10-22T10:39:14","modified_gmt":"2024-10-22T10:39:14","slug":"wandelen-en-fietsen","status":"publish","type":"page","link":"https:\/\/www.dejachthut.nl\/de\/wandelen-en-fietsen\/","title":{"rendered":"Wandern und Radfahren"},"content":{"rendered":"<div data-elementor-type=\"wp-page\" data-elementor-id=\"680\" class=\"elementor elementor-680\" data-elementor-post-type=\"page\">\n\t\t\t\t<div class=\"elementor-element elementor-element-f90efae e-flex e-con-boxed e-con e-parent\" data-id=\"f90efae\" data-element_type=\"container\" data-e-type=\"container\" data-settings=\"{&quot;background_background&quot;:&quot;classic&quot;}\">\n\t\t\t\t\t<div class=\"e-con-inner\">\n\t\t\t\t<div class=\"elementor-element elementor-element-3deca34 elementor-widget__width-initial elementor-widget elementor-widget-heading\" data-id=\"3deca34\" data-element_type=\"widget\" data-e-type=\"widget\" data-widget_type=\"heading.default\">\n\t\t\t\t<div class=\"elementor-widget-container\">\n\t\t\t\t\t<h2 class=\"elementor-heading-title elementor-size-default\">Wandern und Radfahren<\/h2>\t\t\t\t<\/div>\n\t\t\t\t<\/div>\n\t\t\t\t\t<\/div>\n\t\t\t\t<\/div>\n\t\t<div class=\"elementor-element elementor-element-372b331 e-con-full e-flex e-con e-parent\" data-id=\"372b331\" data-element_type=\"container\" data-e-type=\"container\">\n\t\t<div class=\"elementor-element elementor-element-fdf6a13 e-con-full e-flex e-con e-child\" data-id=\"fdf6a13\" data-element_type=\"container\" data-e-type=\"container\">\n\t\t\t\t<div class=\"elementor-element elementor-element-8f1817f elementor-widget elementor-widget-image\" data-id=\"8f1817f\" data-element_type=\"widget\" data-e-type=\"widget\" data-widget_type=\"image.default\">\n\t\t\t\t<div class=\"elementor-widget-container\">\n\t\t\t\t\t\t\t\t\t\t\t\t\t\t\t<img decoding=\"async\" width=\"800\" height=\"35\" src=\"https:\/\/www.dejachthut.nl\/wp-content\/uploads\/2024\/02\/Section-\u2192-Section-1-1.svg\" class=\"attachment-large size-large wp-image-52\" alt=\"\" \/>\t\t\t\t\t\t\t\t\t\t\t\t\t\t\t<\/div>\n\t\t\t\t<\/div>\n\t\t\t\t<\/div>\n\t\t\t\t<\/div>\n\t\t<div class=\"elementor-element elementor-element-da6a354 e-flex e-con-boxed e-con e-parent\" data-id=\"da6a354\" data-element_type=\"container\" data-e-type=\"container\">\n\t\t\t\t\t<div class=\"e-con-inner\">\n\t\t\t\t<div class=\"elementor-element elementor-element-f560087 elementor-widget elementor-widget-text-editor\" data-id=\"f560087\" data-element_type=\"widget\" data-e-type=\"widget\" data-widget_type=\"text-editor.default\">\n\t\t\t\t<div class=\"elementor-widget-container\">\n\t\t\t\t\t\t\t\t\t<h1><strong>Anwesen De Hamert<\/strong><\/h1>\t\t\t\t\t\t\t\t<\/div>\n\t\t\t\t<\/div>\n\t\t\t\t<div class=\"elementor-element elementor-element-1f7e22f elementor-widget elementor-widget-text-editor\" data-id=\"1f7e22f\" data-element_type=\"widget\" data-e-type=\"widget\" data-widget_type=\"text-editor.default\">\n\t\t\t\t<div class=\"elementor-widget-container\">\n\t\t\t\t\t\t\t\t\t<p>Wandern Sie \u00fcber die Gipfel der Maasduinen, genie\u00dfen Sie die Kulturgeschichte am Vorstengraf, den Blick \u00fcber das tiefe erodierte Tal mit dem schnell flie\u00dfenden Bach Geldernsch-Nierskanaal oder schlendern Sie durch die Wildnis der Maas-Natur im Stalberg. Das ist das ultimative Wandererlebnis auf dem Landgoed de Hamert, einem Teil des Nationalparks De Maasduinen.<\/p>\t\t\t\t\t\t\t\t<\/div>\n\t\t\t\t<\/div>\n\t\t\t\t<div class=\"elementor-element elementor-element-f3f5c5a elementor-widget elementor-widget-text-editor\" data-id=\"f3f5c5a\" data-element_type=\"widget\" data-e-type=\"widget\" data-widget_type=\"text-editor.default\">\n\t\t\t\t<div class=\"elementor-widget-container\">\n\t\t\t\t\t\t\t\t\t<h1><strong>Heide und K\u00f6nigsgrab<\/strong><\/h1>\t\t\t\t\t\t\t\t<\/div>\n\t\t\t\t<\/div>\n\t\t\t\t<div class=\"elementor-element elementor-element-b2a0248 elementor-widget elementor-widget-text-editor\" data-id=\"b2a0248\" data-element_type=\"widget\" data-e-type=\"widget\" data-widget_type=\"text-editor.default\">\n\t\t\t\t<div class=\"elementor-widget-container\">\n\t\t\t\t\t\t\t\t\t<p>Zu Beginn des letzten Jahrhunderts wurden viele Heidefl\u00e4chen bewaldet oder landwirtschaftlich genutzt. Am Hamert sind gro\u00dfe Heidefl\u00e4chen erhalten geblieben. Die Limburgs Landschap \u00fcberl\u00e4sst die Bewirtschaftung haupts\u00e4chlich Kempener Heideschafen und niederl\u00e4ndischen Landziegen. Sie k\u00fcmmern sich um die offene und weite Heidelandschaft; eine attraktive Umgebung f\u00fcr Feldgrillen, Zauneidechsen und die lebendgeb\u00e4renden Eidechsen. Mit einem Durchmesser von 25 Metern und einer H\u00f6he von fast 3 Metern ist der Vorstengraf einer der gr\u00f6\u00dften Grabh\u00fcgel der Niederlande. Arch\u00e4ologische Funde belegen, dass hier bereits in der Steinzeit Menschen lebten.<\/p>\t\t\t\t\t\t\t\t<\/div>\n\t\t\t\t<\/div>\n\t\t\t\t<div class=\"elementor-element elementor-element-69993a8 elementor-widget elementor-widget-text-editor\" data-id=\"69993a8\" data-element_type=\"widget\" data-e-type=\"widget\" data-widget_type=\"text-editor.default\">\n\t\t\t\t<div class=\"elementor-widget-container\">\n\t\t\t\t\t\t\t\t\t<h1><strong>Schlendern Sie durch den Stalberg<\/strong><\/h1>\t\t\t\t\t\t\t\t<\/div>\n\t\t\t\t<\/div>\n\t\t\t\t<div class=\"elementor-element elementor-element-9cf9f3f elementor-widget elementor-widget-text-editor\" data-id=\"9cf9f3f\" data-element_type=\"widget\" data-e-type=\"widget\" data-widget_type=\"text-editor.default\">\n\t\t\t\t<div class=\"elementor-widget-container\">\n\t\t\t\t\t\t\t\t\t<p>Im Stalberg k\u00f6nnen Sie die Wege verlassen und herumschlendern. Die raue Natur der Maas wird von Galloway-Rindern beweidet, die sich von den Dutzenden Kr\u00e4utern ern\u00e4hren, die hier vorkommen. Halten Sie einen Abstand von mindestens 25 Metern zur Herde ein. Das Maastal gewinnt hier schnell an H\u00f6he zu den meterhohen Sandd\u00fcnen, die gr\u00f6\u00dftenteils mit gemischten Laub- und Nadelw\u00e4ldern bedeckt sind.<\/p>\t\t\t\t\t\t\t\t<\/div>\n\t\t\t\t<\/div>\n\t\t\t\t<div class=\"elementor-element elementor-element-ddaf87a elementor-widget elementor-widget-text-editor\" data-id=\"ddaf87a\" data-element_type=\"widget\" data-e-type=\"widget\" data-widget_type=\"text-editor.default\">\n\t\t\t\t<div class=\"elementor-widget-container\">\n\t\t\t\t\t\t\t\t\t<h1><strong>Der Geldernsch-Niers-Kanal<\/strong><\/h1>\t\t\t\t\t\t\t\t<\/div>\n\t\t\t\t<\/div>\n\t\t\t\t<div class=\"elementor-element elementor-element-6266ef1 elementor-widget elementor-widget-text-editor\" data-id=\"6266ef1\" data-element_type=\"widget\" data-e-type=\"widget\" data-widget_type=\"text-editor.default\">\n\t\t\t\t<div class=\"elementor-widget-container\">\n\t\t\t\t\t\t\t\t\t<p>als Gebirgsbach Parallel zum Twistedenerweg in der N\u00e4he des Jagdschlosses verl\u00e4uft ein Kanal, der vor mehr als 200 Jahren angelegt wurde. Allerdings \u00e4hnelt der letzte Teil eher einem schnell flie\u00dfenden Gebirgsbach. Durch den H\u00f6henunterschied zwischen Deutschland und der Maas sind Steilufer erodiert und ein Bachtal mit \u00fcppigem Bewuchs entstanden. Der Eisvogel ist hier sehr zu Hause.<\/p>\t\t\t\t\t\t\t\t<\/div>\n\t\t\t\t<\/div>\n\t\t\t\t\t<\/div>\n\t\t\t\t<\/div>\n\t\t<div class=\"elementor-element elementor-element-ae54884 e-flex e-con-boxed e-con e-parent\" data-id=\"ae54884\" data-element_type=\"container\" data-e-type=\"container\">\n\t\t\t\t\t<div class=\"e-con-inner\">\n\t\t\t\t<div class=\"elementor-element elementor-element-96519fe elementor-widget elementor-widget-text-editor\" data-id=\"96519fe\" data-element_type=\"widget\" data-e-type=\"widget\" data-widget_type=\"text-editor.default\">\n\t\t\t\t<div class=\"elementor-widget-container\">\n\t\t\t\t\t\t\t\t\t<p>Wanderung auf dem Hamert \u2013 rote Pfosten \u2013 5 km<br \/>Wanderung auf dem Hamert \u2013 blaue Pfosten \u2013 4 km<br \/>Wandern auf dem Hamert \u2013 gr\u00fcne Pfosten \u2013 2 km<br \/>Wanderung auf dem Hamert \u2013 wei\u00dfe Pfosten \u2013 2 km<br \/>Familienweg \u2013 1 km<\/p>\t\t\t\t\t\t\t\t<\/div>\n\t\t\t\t<\/div>\n\t\t\t\t\t<\/div>\n\t\t\t\t<\/div>\n\t\t<div class=\"elementor-element elementor-element-02a1e9f e-flex e-con-boxed e-con e-parent\" data-id=\"02a1e9f\" data-element_type=\"container\" data-e-type=\"container\">\n\t\t\t\t\t<div class=\"e-con-inner\">\n\t\t\t\t<div class=\"elementor-element elementor-element-dad4bc4 gallery-spacing-custom elementor-widget elementor-widget-image-gallery\" data-id=\"dad4bc4\" data-element_type=\"widget\" data-e-type=\"widget\" data-widget_type=\"image-gallery.default\">\n\t\t\t\t<div class=\"elementor-widget-container\">\n\t\t\t\t\t\t\t<div class=\"elementor-image-gallery\">\n\t\t\t<div id='gallery-1' class='gallery galleryid-680 gallery-columns-3 gallery-size-medium'><figure class='gallery-item'>\n\t\t\t<div class='gallery-icon landscape'>\n\t\t\t\t<a data-elementor-open-lightbox=\"yes\" data-elementor-lightbox-slideshow=\"dad4bc4\" data-elementor-lightbox-title=\"jachthut-op-den-hamer-wandelen-en-fietsen_01\" data-e-action-hash=\"#elementor-action%3Aaction%3Dlightbox%26settings%3DeyJpZCI6Njg5LCJ1cmwiOiJodHRwczpcL1wvd3d3LmRlamFjaHRodXQubmxcL3dwLWNvbnRlbnRcL3VwbG9hZHNcLzIwMjRcLzAyXC9qYWNodGh1dC1vcC1kZW4taGFtZXItd2FuZGVsZW4tZW4tZmlldHNlbl8wMS5qcGVnIiwic2xpZGVzaG93IjoiZGFkNGJjNCJ9\" href='https:\/\/www.dejachthut.nl\/wp-content\/uploads\/2024\/02\/jachthut-op-den-hamer-wandelen-en-fietsen_01.jpeg'><img fetchpriority=\"high\" decoding=\"async\" width=\"300\" height=\"200\" src=\"https:\/\/www.dejachthut.nl\/wp-content\/uploads\/2024\/02\/jachthut-op-den-hamer-wandelen-en-fietsen_01-300x200.jpeg\" class=\"attachment-medium size-medium\" alt=\"\" srcset=\"https:\/\/www.dejachthut.nl\/wp-content\/uploads\/2024\/02\/jachthut-op-den-hamer-wandelen-en-fietsen_01-300x200.jpeg 300w, https:\/\/www.dejachthut.nl\/wp-content\/uploads\/2024\/02\/jachthut-op-den-hamer-wandelen-en-fietsen_01-1024x683.jpeg 1024w, https:\/\/www.dejachthut.nl\/wp-content\/uploads\/2024\/02\/jachthut-op-den-hamer-wandelen-en-fietsen_01-768x512.jpeg 768w, https:\/\/www.dejachthut.nl\/wp-content\/uploads\/2024\/02\/jachthut-op-den-hamer-wandelen-en-fietsen_01.jpeg 1417w\" sizes=\"(max-width: 300px) 100vw, 300px\" \/><\/a>\n\t\t\t<\/div><\/figure><figure class='gallery-item'>\n\t\t\t<div class='gallery-icon landscape'>\n\t\t\t\t<a data-elementor-open-lightbox=\"yes\" data-elementor-lightbox-slideshow=\"dad4bc4\" data-elementor-lightbox-title=\"jachthut-op-den-hamer-wandelen-en-fietsen_02\" data-e-action-hash=\"#elementor-action%3Aaction%3Dlightbox%26settings%3DeyJpZCI6NjkwLCJ1cmwiOiJodHRwczpcL1wvd3d3LmRlamFjaHRodXQubmxcL3dwLWNvbnRlbnRcL3VwbG9hZHNcLzIwMjRcLzAyXC9qYWNodGh1dC1vcC1kZW4taGFtZXItd2FuZGVsZW4tZW4tZmlldHNlbl8wMi5qcGVnIiwic2xpZGVzaG93IjoiZGFkNGJjNCJ9\" href='https:\/\/www.dejachthut.nl\/wp-content\/uploads\/2024\/02\/jachthut-op-den-hamer-wandelen-en-fietsen_02.jpeg'><img decoding=\"async\" width=\"300\" height=\"200\" src=\"https:\/\/www.dejachthut.nl\/wp-content\/uploads\/2024\/02\/jachthut-op-den-hamer-wandelen-en-fietsen_02-300x200.jpeg\" class=\"attachment-medium size-medium\" alt=\"\" srcset=\"https:\/\/www.dejachthut.nl\/wp-content\/uploads\/2024\/02\/jachthut-op-den-hamer-wandelen-en-fietsen_02-300x200.jpeg 300w, https:\/\/www.dejachthut.nl\/wp-content\/uploads\/2024\/02\/jachthut-op-den-hamer-wandelen-en-fietsen_02-1024x683.jpeg 1024w, https:\/\/www.dejachthut.nl\/wp-content\/uploads\/2024\/02\/jachthut-op-den-hamer-wandelen-en-fietsen_02-768x512.jpeg 768w, https:\/\/www.dejachthut.nl\/wp-content\/uploads\/2024\/02\/jachthut-op-den-hamer-wandelen-en-fietsen_02.jpeg 1417w\" sizes=\"(max-width: 300px) 100vw, 300px\" \/><\/a>\n\t\t\t<\/div><\/figure><figure class='gallery-item'>\n\t\t\t<div class='gallery-icon landscape'>\n\t\t\t\t<a data-elementor-open-lightbox=\"yes\" data-elementor-lightbox-slideshow=\"dad4bc4\" data-elementor-lightbox-title=\"Landgoed de Hamert\" data-e-action-hash=\"#elementor-action%3Aaction%3Dlightbox%26settings%3DeyJpZCI6NjkxLCJ1cmwiOiJodHRwczpcL1wvd3d3LmRlamFjaHRodXQubmxcL3dwLWNvbnRlbnRcL3VwbG9hZHNcLzIwMjRcLzAyXC9qYWNodGh1dC1vcC1kZW4taGFtZXItd2FuZGVsZW4tZW4tZmlldHNlbl8wNS5qcGVnIiwic2xpZGVzaG93IjoiZGFkNGJjNCJ9\" href='https:\/\/www.dejachthut.nl\/wp-content\/uploads\/2024\/02\/jachthut-op-den-hamer-wandelen-en-fietsen_05.jpeg'><img loading=\"lazy\" decoding=\"async\" width=\"300\" height=\"200\" src=\"https:\/\/www.dejachthut.nl\/wp-content\/uploads\/2024\/02\/jachthut-op-den-hamer-wandelen-en-fietsen_05-300x200.jpeg\" class=\"attachment-medium size-medium\" alt=\"\" srcset=\"https:\/\/www.dejachthut.nl\/wp-content\/uploads\/2024\/02\/jachthut-op-den-hamer-wandelen-en-fietsen_05-300x200.jpeg 300w, https:\/\/www.dejachthut.nl\/wp-content\/uploads\/2024\/02\/jachthut-op-den-hamer-wandelen-en-fietsen_05-1024x683.jpeg 1024w, https:\/\/www.dejachthut.nl\/wp-content\/uploads\/2024\/02\/jachthut-op-den-hamer-wandelen-en-fietsen_05-768x512.jpeg 768w, https:\/\/www.dejachthut.nl\/wp-content\/uploads\/2024\/02\/jachthut-op-den-hamer-wandelen-en-fietsen_05.jpeg 1417w\" sizes=\"(max-width: 300px) 100vw, 300px\" \/><\/a>\n\t\t\t<\/div><\/figure><figure class='gallery-item'>\n\t\t\t<div class='gallery-icon landscape'>\n\t\t\t\t<a data-elementor-open-lightbox=\"yes\" data-elementor-lightbox-slideshow=\"dad4bc4\" data-elementor-lightbox-title=\"jachthut-op-den-hamer-wandelen-en-fietsen_06\" data-e-action-hash=\"#elementor-action%3Aaction%3Dlightbox%26settings%3DeyJpZCI6NjkyLCJ1cmwiOiJodHRwczpcL1wvd3d3LmRlamFjaHRodXQubmxcL3dwLWNvbnRlbnRcL3VwbG9hZHNcLzIwMjRcLzAyXC9qYWNodGh1dC1vcC1kZW4taGFtZXItd2FuZGVsZW4tZW4tZmlldHNlbl8wNi5qcGVnIiwic2xpZGVzaG93IjoiZGFkNGJjNCJ9\" href='https:\/\/www.dejachthut.nl\/wp-content\/uploads\/2024\/02\/jachthut-op-den-hamer-wandelen-en-fietsen_06.jpeg'><img loading=\"lazy\" decoding=\"async\" width=\"300\" height=\"200\" src=\"https:\/\/www.dejachthut.nl\/wp-content\/uploads\/2024\/02\/jachthut-op-den-hamer-wandelen-en-fietsen_06-300x200.jpeg\" class=\"attachment-medium size-medium\" alt=\"\" srcset=\"https:\/\/www.dejachthut.nl\/wp-content\/uploads\/2024\/02\/jachthut-op-den-hamer-wandelen-en-fietsen_06-300x200.jpeg 300w, https:\/\/www.dejachthut.nl\/wp-content\/uploads\/2024\/02\/jachthut-op-den-hamer-wandelen-en-fietsen_06-1024x683.jpeg 1024w, https:\/\/www.dejachthut.nl\/wp-content\/uploads\/2024\/02\/jachthut-op-den-hamer-wandelen-en-fietsen_06-768x512.jpeg 768w, https:\/\/www.dejachthut.nl\/wp-content\/uploads\/2024\/02\/jachthut-op-den-hamer-wandelen-en-fietsen_06.jpeg 1417w\" sizes=\"(max-width: 300px) 100vw, 300px\" \/><\/a>\n\t\t\t<\/div><\/figure><figure class='gallery-item'>\n\t\t\t<div class='gallery-icon landscape'>\n\t\t\t\t<a data-elementor-open-lightbox=\"yes\" data-elementor-lightbox-slideshow=\"dad4bc4\" data-elementor-lightbox-title=\"jachthut-op-den-hamer-wandelen-en-fietsen_07\" data-e-action-hash=\"#elementor-action%3Aaction%3Dlightbox%26settings%3DeyJpZCI6NjkzLCJ1cmwiOiJodHRwczpcL1wvd3d3LmRlamFjaHRodXQubmxcL3dwLWNvbnRlbnRcL3VwbG9hZHNcLzIwMjRcLzAyXC9qYWNodGh1dC1vcC1kZW4taGFtZXItd2FuZGVsZW4tZW4tZmlldHNlbl8wNy5qcGVnIiwic2xpZGVzaG93IjoiZGFkNGJjNCJ9\" href='https:\/\/www.dejachthut.nl\/wp-content\/uploads\/2024\/02\/jachthut-op-den-hamer-wandelen-en-fietsen_07.jpeg'><img loading=\"lazy\" decoding=\"async\" width=\"300\" height=\"200\" src=\"https:\/\/www.dejachthut.nl\/wp-content\/uploads\/2024\/02\/jachthut-op-den-hamer-wandelen-en-fietsen_07-300x200.jpeg\" class=\"attachment-medium size-medium\" alt=\"\" srcset=\"https:\/\/www.dejachthut.nl\/wp-content\/uploads\/2024\/02\/jachthut-op-den-hamer-wandelen-en-fietsen_07-300x200.jpeg 300w, https:\/\/www.dejachthut.nl\/wp-content\/uploads\/2024\/02\/jachthut-op-den-hamer-wandelen-en-fietsen_07-1024x683.jpeg 1024w, https:\/\/www.dejachthut.nl\/wp-content\/uploads\/2024\/02\/jachthut-op-den-hamer-wandelen-en-fietsen_07-768x512.jpeg 768w, https:\/\/www.dejachthut.nl\/wp-content\/uploads\/2024\/02\/jachthut-op-den-hamer-wandelen-en-fietsen_07.jpeg 1417w\" sizes=\"(max-width: 300px) 100vw, 300px\" \/><\/a>\n\t\t\t<\/div><\/figure>\n\t\t<\/div>\n\t\t<\/div>\n\t\t\t\t\t\t<\/div>\n\t\t\t\t<\/div>\n\t\t\t\t\t<\/div>\n\t\t\t\t<\/div>\n\t\t\t\t<\/div>","protected":false},"excerpt":{"rendered":"<p>Wandelen en fietsen Landgoed de Hamert Wandel over de toppen van de Maasduinen, geniet van de cultuurhistorie bij het Vorstengraf, het uitzicht over het diepe uitgesleten dal met de snelstromende beek van het Geldernsch-Nierskanaal of struin door de wildernis van de Maasnatuur in de Stalberg. Dat is op en top wandelen op Landgoed de Hamert, [&hellip;]<\/p>","protected":false},"author":1,"featured_media":0,"parent":0,"menu_order":0,"comment_status":"closed","ping_status":"closed","template":"elementor_header_footer","meta":{"footnotes":""},"class_list":["post-680","page","type-page","status-publish","hentry"],"yoast_head":"<!-- This site is optimized with the Yoast SEO plugin v27.4 - https:\/\/yoast.com\/product\/yoast-seo-wordpress\/ -->\n<title>Wandelen en Fietsen - Jachthut op den Hamer<\/title>\n<meta name=\"robots\" content=\"index, follow, max-snippet:-1, max-image-preview:large, max-video-preview:-1\" \/>\n<link rel=\"canonical\" href=\"https:\/\/www.dejachthut.nl\/de\/wandelen-en-fietsen\/\" \/>\n<meta property=\"og:locale\" content=\"de_DE\" \/>\n<meta property=\"og:type\" content=\"article\" \/>\n<meta property=\"og:title\" content=\"Wandelen en Fietsen - Jachthut op den Hamer\" \/>\n<meta property=\"og:description\" content=\"Wandelen en fietsen Landgoed de Hamert Wandel over de toppen van de Maasduinen, geniet van de cultuurhistorie bij het Vorstengraf, het uitzicht over het diepe uitgesleten dal met de snelstromende beek van het Geldernsch-Nierskanaal of struin door de wildernis van de Maasnatuur in de Stalberg. Dat is op en top wandelen op Landgoed de Hamert, [&hellip;]\" \/>\n<meta property=\"og:url\" content=\"https:\/\/www.dejachthut.nl\/de\/wandelen-en-fietsen\/\" \/>\n<meta property=\"og:site_name\" content=\"Jachthut op den Hamer\" \/>\n<meta property=\"article:publisher\" content=\"https:\/\/www.facebook.com\/dejachthut\" \/>\n<meta property=\"article:modified_time\" content=\"2024-10-22T10:39:14+00:00\" \/>\n<meta property=\"og:image\" content=\"http:\/\/www.dejachthut.nl\/wp-content\/uploads\/2024\/02\/jachthut-op-den-hamer-wandelen-en-fietsen_01-300x200.jpeg\" \/>\n<meta name=\"twitter:card\" content=\"summary_large_image\" \/>\n<meta name=\"twitter:label1\" content=\"Gesch\u00e4tzte Lesezeit\" \/>\n\t<meta name=\"twitter:data1\" content=\"3\u00a0Minuten\" \/>\n<script type=\"application\/ld+json\" class=\"yoast-schema-graph\">{\"@context\":\"https:\\\/\\\/schema.org\",\"@graph\":[{\"@type\":\"WebPage\",\"@id\":\"https:\\\/\\\/www.dejachthut.nl\\\/wandelen-en-fietsen\\\/\",\"url\":\"https:\\\/\\\/www.dejachthut.nl\\\/wandelen-en-fietsen\\\/\",\"name\":\"Wandelen en Fietsen - Jachthut op den Hamer\",\"isPartOf\":{\"@id\":\"https:\\\/\\\/www.dejachthut.nl\\\/#website\"},\"primaryImageOfPage\":{\"@id\":\"https:\\\/\\\/www.dejachthut.nl\\\/wandelen-en-fietsen\\\/#primaryimage\"},\"image\":{\"@id\":\"https:\\\/\\\/www.dejachthut.nl\\\/wandelen-en-fietsen\\\/#primaryimage\"},\"thumbnailUrl\":\"http:\\\/\\\/www.dejachthut.nl\\\/wp-content\\\/uploads\\\/2024\\\/02\\\/jachthut-op-den-hamer-wandelen-en-fietsen_01-300x200.jpeg\",\"datePublished\":\"2024-02-26T17:13:54+00:00\",\"dateModified\":\"2024-10-22T10:39:14+00:00\",\"breadcrumb\":{\"@id\":\"https:\\\/\\\/www.dejachthut.nl\\\/wandelen-en-fietsen\\\/#breadcrumb\"},\"inLanguage\":\"de\",\"potentialAction\":[{\"@type\":\"ReadAction\",\"target\":[\"https:\\\/\\\/www.dejachthut.nl\\\/wandelen-en-fietsen\\\/\"]}]},{\"@type\":\"ImageObject\",\"inLanguage\":\"de\",\"@id\":\"https:\\\/\\\/www.dejachthut.nl\\\/wandelen-en-fietsen\\\/#primaryimage\",\"url\":\"http:\\\/\\\/www.dejachthut.nl\\\/wp-content\\\/uploads\\\/2024\\\/02\\\/jachthut-op-den-hamer-wandelen-en-fietsen_01-300x200.jpeg\",\"contentUrl\":\"http:\\\/\\\/www.dejachthut.nl\\\/wp-content\\\/uploads\\\/2024\\\/02\\\/jachthut-op-den-hamer-wandelen-en-fietsen_01-300x200.jpeg\"},{\"@type\":\"BreadcrumbList\",\"@id\":\"https:\\\/\\\/www.dejachthut.nl\\\/wandelen-en-fietsen\\\/#breadcrumb\",\"itemListElement\":[{\"@type\":\"ListItem\",\"position\":1,\"name\":\"Home\",\"item\":\"https:\\\/\\\/www.dejachthut.nl\\\/\"},{\"@type\":\"ListItem\",\"position\":2,\"name\":\"Wandelen en Fietsen\"}]},{\"@type\":\"WebSite\",\"@id\":\"https:\\\/\\\/www.dejachthut.nl\\\/#website\",\"url\":\"https:\\\/\\\/www.dejachthut.nl\\\/\",\"name\":\"Jachthut op den Hamer\",\"description\":\"Pannenkoekenhuis\",\"publisher\":{\"@id\":\"https:\\\/\\\/www.dejachthut.nl\\\/#organization\"},\"potentialAction\":[{\"@type\":\"SearchAction\",\"target\":{\"@type\":\"EntryPoint\",\"urlTemplate\":\"https:\\\/\\\/www.dejachthut.nl\\\/?s={search_term_string}\"},\"query-input\":{\"@type\":\"PropertyValueSpecification\",\"valueRequired\":true,\"valueName\":\"search_term_string\"}}],\"inLanguage\":\"de\"},{\"@type\":\"Organization\",\"@id\":\"https:\\\/\\\/www.dejachthut.nl\\\/#organization\",\"name\":\"Jachthut op den Hamer\",\"url\":\"https:\\\/\\\/www.dejachthut.nl\\\/\",\"logo\":{\"@type\":\"ImageObject\",\"inLanguage\":\"de\",\"@id\":\"https:\\\/\\\/www.dejachthut.nl\\\/#\\\/schema\\\/logo\\\/image\\\/\",\"url\":\"http:\\\/\\\/www.dejachthut.nl\\\/wp-content\\\/uploads\\\/2024\\\/02\\\/Jachtut-Op-den-Hamer-homepage-transformed-removebg-preview-1.svg\",\"contentUrl\":\"http:\\\/\\\/www.dejachthut.nl\\\/wp-content\\\/uploads\\\/2024\\\/02\\\/Jachtut-Op-den-Hamer-homepage-transformed-removebg-preview-1.svg\",\"width\":194,\"height\":50,\"caption\":\"Jachthut op den Hamer\"},\"image\":{\"@id\":\"https:\\\/\\\/www.dejachthut.nl\\\/#\\\/schema\\\/logo\\\/image\\\/\"},\"sameAs\":[\"https:\\\/\\\/www.facebook.com\\\/dejachthut\"]}]}<\/script>\n<!-- \/ Yoast SEO plugin. -->","yoast_head_json":{"title":"Wandelen en Fietsen - Jachthut op den Hamer","robots":{"index":"index","follow":"follow","max-snippet":"max-snippet:-1","max-image-preview":"max-image-preview:large","max-video-preview":"max-video-preview:-1"},"canonical":"https:\/\/www.dejachthut.nl\/de\/wandelen-en-fietsen\/","og_locale":"de_DE","og_type":"article","og_title":"Wandelen en Fietsen - Jachthut op den Hamer","og_description":"Wandelen en fietsen Landgoed de Hamert Wandel over de toppen van de Maasduinen, geniet van de cultuurhistorie bij het Vorstengraf, het uitzicht over het diepe uitgesleten dal met de snelstromende beek van het Geldernsch-Nierskanaal of struin door de wildernis van de Maasnatuur in de Stalberg. Dat is op en top wandelen op Landgoed de Hamert, [&hellip;]","og_url":"https:\/\/www.dejachthut.nl\/de\/wandelen-en-fietsen\/","og_site_name":"Jachthut op den Hamer","article_publisher":"https:\/\/www.facebook.com\/dejachthut","article_modified_time":"2024-10-22T10:39:14+00:00","og_image":[{"url":"http:\/\/www.dejachthut.nl\/wp-content\/uploads\/2024\/02\/jachthut-op-den-hamer-wandelen-en-fietsen_01-300x200.jpeg","type":"","width":"","height":""}],"twitter_card":"summary_large_image","twitter_misc":{"Gesch\u00e4tzte Lesezeit":"3\u00a0Minuten"},"schema":{"@context":"https:\/\/schema.org","@graph":[{"@type":"WebPage","@id":"https:\/\/www.dejachthut.nl\/wandelen-en-fietsen\/","url":"https:\/\/www.dejachthut.nl\/wandelen-en-fietsen\/","name":"Wandelen en Fietsen - Jachthut op den Hamer","isPartOf":{"@id":"https:\/\/www.dejachthut.nl\/#website"},"primaryImageOfPage":{"@id":"https:\/\/www.dejachthut.nl\/wandelen-en-fietsen\/#primaryimage"},"image":{"@id":"https:\/\/www.dejachthut.nl\/wandelen-en-fietsen\/#primaryimage"},"thumbnailUrl":"http:\/\/www.dejachthut.nl\/wp-content\/uploads\/2024\/02\/jachthut-op-den-hamer-wandelen-en-fietsen_01-300x200.jpeg","datePublished":"2024-02-26T17:13:54+00:00","dateModified":"2024-10-22T10:39:14+00:00","breadcrumb":{"@id":"https:\/\/www.dejachthut.nl\/wandelen-en-fietsen\/#breadcrumb"},"inLanguage":"de","potentialAction":[{"@type":"ReadAction","target":["https:\/\/www.dejachthut.nl\/wandelen-en-fietsen\/"]}]},{"@type":"ImageObject","inLanguage":"de","@id":"https:\/\/www.dejachthut.nl\/wandelen-en-fietsen\/#primaryimage","url":"http:\/\/www.dejachthut.nl\/wp-content\/uploads\/2024\/02\/jachthut-op-den-hamer-wandelen-en-fietsen_01-300x200.jpeg","contentUrl":"http:\/\/www.dejachthut.nl\/wp-content\/uploads\/2024\/02\/jachthut-op-den-hamer-wandelen-en-fietsen_01-300x200.jpeg"},{"@type":"BreadcrumbList","@id":"https:\/\/www.dejachthut.nl\/wandelen-en-fietsen\/#breadcrumb","itemListElement":[{"@type":"ListItem","position":1,"name":"Home","item":"https:\/\/www.dejachthut.nl\/"},{"@type":"ListItem","position":2,"name":"Wandelen en Fietsen"}]},{"@type":"WebSite","@id":"https:\/\/www.dejachthut.nl\/#website","url":"https:\/\/www.dejachthut.nl\/","name":"Jachthut op den Hamer","description":"Pannenkoekenhuis","publisher":{"@id":"https:\/\/www.dejachthut.nl\/#organization"},"potentialAction":[{"@type":"SearchAction","target":{"@type":"EntryPoint","urlTemplate":"https:\/\/www.dejachthut.nl\/?s={search_term_string}"},"query-input":{"@type":"PropertyValueSpecification","valueRequired":true,"valueName":"search_term_string"}}],"inLanguage":"de"},{"@type":"Organization","@id":"https:\/\/www.dejachthut.nl\/#organization","name":"Jachthut op den Hamer","url":"https:\/\/www.dejachthut.nl\/","logo":{"@type":"ImageObject","inLanguage":"de","@id":"https:\/\/www.dejachthut.nl\/#\/schema\/logo\/image\/","url":"http:\/\/www.dejachthut.nl\/wp-content\/uploads\/2024\/02\/Jachtut-Op-den-Hamer-homepage-transformed-removebg-preview-1.svg","contentUrl":"http:\/\/www.dejachthut.nl\/wp-content\/uploads\/2024\/02\/Jachtut-Op-den-Hamer-homepage-transformed-removebg-preview-1.svg","width":194,"height":50,"caption":"Jachthut op den Hamer"},"image":{"@id":"https:\/\/www.dejachthut.nl\/#\/schema\/logo\/image\/"},"sameAs":["https:\/\/www.facebook.com\/dejachthut"]}]}},"_links":{"self":[{"href":"https:\/\/www.dejachthut.nl\/de\/wp-json\/wp\/v2\/pages\/680","targetHints":{"allow":["GET"]}}],"collection":[{"href":"https:\/\/www.dejachthut.nl\/de\/wp-json\/wp\/v2\/pages"}],"about":[{"href":"https:\/\/www.dejachthut.nl\/de\/wp-json\/wp\/v2\/types\/page"}],"author":[{"embeddable":true,"href":"https:\/\/www.dejachthut.nl\/de\/wp-json\/wp\/v2\/users\/1"}],"replies":[{"embeddable":true,"href":"https:\/\/www.dejachthut.nl\/de\/wp-json\/wp\/v2\/comments?post=680"}],"version-history":[{"count":24,"href":"https:\/\/www.dejachthut.nl\/de\/wp-json\/wp\/v2\/pages\/680\/revisions"}],"predecessor-version":[{"id":947,"href":"https:\/\/www.dejachthut.nl\/de\/wp-json\/wp\/v2\/pages\/680\/revisions\/947"}],"wp:attachment":[{"href":"https:\/\/www.dejachthut.nl\/de\/wp-json\/wp\/v2\/media?parent=680"}],"curies":[{"name":"wp","href":"https:\/\/api.w.org\/{rel}","templated":true}]}}